{"id":4197,"date":"2023-04-28T10:23:52","date_gmt":"2023-04-28T08:23:52","guid":{"rendered":"https:\/\/islnordic.se\/?page_id=4197"},"modified":"2023-09-25T11:35:25","modified_gmt":"2023-09-25T09:35:25","slug":"saljutbildningar-professionell-kundvard-aktiv-merforsaljning","status":"publish","type":"page","link":"https:\/\/aizell.se\/en\/saljutbildningar-professionell-kundvard-aktiv-merforsaljning\/","title":{"rendered":"S\u00e4ljutbildningar &#8211; Professionell kundv\u00e5rd &#8211; aktiv merf\u00f6rs\u00e4ljning"},"content":{"rendered":"<div data-elementor-type=\"wp-page\" data-elementor-id=\"4197\" class=\"elementor elementor-4197\" data-elementor-post-type=\"page\">\n\t\t\t\t\t\t<section class=\"elementor-section elementor-top-section elementor-element elementor-element-95dfe33 elementor-section-boxed elementor-section-height-default elementor-section-height-default\" data-id=\"95dfe33\" data-element_type=\"section\" data-e-type=\"section\">\n\t\t\t\t\t\t<div class=\"elementor-container elementor-column-gap-default\">\n\t\t\t\t\t<div class=\"elementor-column elementor-col-100 elementor-top-column elementor-element elementor-element-a926e3d\" data-id=\"a926e3d\" data-element_type=\"column\" data-e-type=\"column\">\n\t\t\t<div class=\"elementor-widget-wrap elementor-element-populated\">\n\t\t\t\t\t\t<div class=\"elementor-element elementor-element-b052411 elementor-widget elementor-widget-heading\" data-id=\"b052411\" data-element_type=\"widget\" data-e-type=\"widget\" data-widget_type=\"heading.default\">\n\t\t\t\t<div class=\"elementor-widget-container\">\n\t\t\t\t\t<h1 class=\"elementor-heading-title elementor-size-default\">Professionell kundv\u00e5rd - aktiv merf\u00f6rs\u00e4ljning<\/h1>\t\t\t\t<\/div>\n\t\t\t\t<\/div>\n\t\t\t\t\t<\/div>\n\t\t<\/div>\n\t\t\t\t\t<\/div>\n\t\t<\/section>\n\t\t\t\t<section class=\"elementor-section elementor-top-section elementor-element elementor-element-39cc15e elementor-section-boxed elementor-section-height-default elementor-section-height-default\" data-id=\"39cc15e\" data-element_type=\"section\" data-e-type=\"section\">\n\t\t\t\t\t\t<div class=\"elementor-container elementor-column-gap-default\">\n\t\t\t\t\t<div class=\"elementor-column elementor-col-100 elementor-top-column elementor-element elementor-element-5d5b975\" data-id=\"5d5b975\" data-element_type=\"column\" data-e-type=\"column\">\n\t\t\t<div class=\"elementor-widget-wrap elementor-element-populated\">\n\t\t\t\t\t\t<div class=\"elementor-element elementor-element-81bcec7 elementor-widget__width-initial elementor-widget elementor-widget-heading\" data-id=\"81bcec7\" data-element_type=\"widget\" data-e-type=\"widget\" data-widget_type=\"heading.default\">\n\t\t\t\t<div class=\"elementor-widget-container\">\n\t\t\t\t\t<h2 class=\"elementor-heading-title elementor-size-default\">- genom positiv och professionell p\u00e5verkan utveckla l\u00e5ngsiktiga kundrelationer<\/h2>\t\t\t\t<\/div>\n\t\t\t\t<\/div>\n\t\t\t\t\t<\/div>\n\t\t<\/div>\n\t\t\t\t\t<\/div>\n\t\t<\/section>\n\t\t\t\t<section class=\"elementor-section elementor-top-section elementor-element elementor-element-3c6591e elementor-section-boxed elementor-section-height-default elementor-section-height-default\" data-id=\"3c6591e\" data-element_type=\"section\" data-e-type=\"section\" data-settings=\"{&quot;background_background&quot;:&quot;classic&quot;}\">\n\t\t\t\t\t\t<div class=\"elementor-container elementor-column-gap-default\">\n\t\t\t\t\t<div class=\"elementor-column elementor-col-100 elementor-top-column elementor-element elementor-element-95e3364\" data-id=\"95e3364\" data-element_type=\"column\" data-e-type=\"column\">\n\t\t\t<div class=\"elementor-widget-wrap elementor-element-populated\">\n\t\t\t\t\t\t<section class=\"elementor-section elementor-inner-section elementor-element elementor-element-14bcd48 elementor-section-boxed elementor-section-height-default elementor-section-height-default\" data-id=\"14bcd48\" data-element_type=\"section\" data-e-type=\"section\">\n\t\t\t\t\t\t<div class=\"elementor-container elementor-column-gap-default\">\n\t\t\t\t\t<div class=\"elementor-column elementor-col-50 elementor-inner-column elementor-element elementor-element-775488c\" data-id=\"775488c\" data-element_type=\"column\" data-e-type=\"column\">\n\t\t\t<div class=\"elementor-widget-wrap elementor-element-populated\">\n\t\t\t\t\t\t<div class=\"elementor-element elementor-element-cd9ae3f elementor-widget elementor-widget-text-editor\" data-id=\"cd9ae3f\" data-element_type=\"widget\" data-e-type=\"widget\" data-widget_type=\"text-editor.default\">\n\t\t\t\t<div class=\"elementor-widget-container\">\n\t\t\t\t\t\t\t\t\t<p class=\"elementor-heading-title elementor-size-medium elementor-inline-editing pen\" style=\"font-size: 19px; font-weight: 400; font-family: Arial, Helvetica, sans-serif, Arial, Helvetica, sans-serif; letter-spacing: normal; text-transform: none; -webkit-text-stroke-color: #000000; stroke-width: 0px; stroke: #000000; text-shadow: rgba(0, 0, 0, 0.3) 0px 0px 0px;\" data-elementor-setting-key=\"title\" data-pen-placeholder=\"Skriv h\u00e4r...\">P\u00e5 den h\u00e4r utbildningen uppgraderar vi innes\u00e4ljare och de som sitter i en backoffice-funktion idag, och som har en stor kundkontakt. H\u00e4r f\u00e5r man verktyg och tr\u00e4ning i hur man genom positiv p\u00e5verkan kan skapa merf\u00f6rs\u00e4ljning och utveckla l\u00e5ngsiktiga och l\u00f6nsamma kundrelationer.<br \/><br \/><\/p><p class=\"elementor-heading-title elementor-size-medium elementor-inline-editing pen\" style=\"font-size: 19px; font-weight: 400; font-family: Arial, Helvetica, sans-serif, Arial, Helvetica, sans-serif; letter-spacing: normal; text-transform: none; -webkit-text-stroke-color: #000000; stroke-width: 0px; stroke: #000000; text-shadow: rgba(0, 0, 0, 0.3) 0px 0px 0px;\" data-elementor-setting-key=\"title\" data-pen-placeholder=\"Skriv h\u00e4r...\">Man f\u00e5r tips och strukturer p\u00e5 hur agera vid inkommande samtal och utg\u00e5ende samtal f\u00f6r att \u00f6ka f\u00f6rs\u00e4ljningen, samtidigt som kunden k\u00e4nner ett stort engagemang och professionalism.<br \/><br \/><\/p><p class=\"elementor-heading-title elementor-size-medium elementor-inline-editing pen\" style=\"font-size: 19px; font-weight: 400; font-family: Arial, Helvetica, sans-serif, Arial, Helvetica, sans-serif; letter-spacing: normal; text-transform: none; -webkit-text-stroke-color: #000000; stroke-width: 0px; stroke: #000000; text-shadow: rgba(0, 0, 0, 0.3) 0px 0px 0px;\" data-elementor-setting-key=\"title\" data-pen-placeholder=\"Skriv h\u00e4r...\">Man f\u00e5r tr\u00e4ning hur man kan bli b\u00e4ttre p\u00e5 avslutsprocessen &#8211; att ta hem aff\u00e4rer, och hur man skall hantera fr\u00e5gor eller inv\u00e4ndningar framg\u00e5ngsrikt.<br \/><br \/><\/p><p class=\"elementor-heading-title elementor-size-medium elementor-inline-editing pen\" style=\"font-size: 19px; font-weight: 400; font-family: Arial, Helvetica, sans-serif, Arial, Helvetica, sans-serif; letter-spacing: normal; text-transform: none; -webkit-text-stroke-color: #000000; stroke-width: 0px; stroke: #000000; text-shadow: rgba(0, 0, 0, 0.3) 0px 0px 0px;\" data-elementor-setting-key=\"title\" data-pen-placeholder=\"Skriv h\u00e4r...\">P\u00e5 den h\u00e4r utbildningen ger vi de verktygen till den funktionen som har st\u00f6rst kundkontakt, att via ett s\u00e4ljande beteende och agerande n\u00e5 en professionell kundv\u00e5rd.\u00a0<\/p>\t\t\t\t\t\t\t\t<\/div>\n\t\t\t\t<\/div>\n\t\t\t\t\t<\/div>\n\t\t<\/div>\n\t\t\t\t<div class=\"elementor-column elementor-col-50 elementor-inner-column elementor-element elementor-element-3d25514\" data-id=\"3d25514\" data-element_type=\"column\" data-e-type=\"column\">\n\t\t\t<div class=\"elementor-widget-wrap elementor-element-populated\">\n\t\t\t\t\t\t<div class=\"elementor-element elementor-element-4238b6d elementor-widget__width-initial elementor-widget elementor-widget-image\" data-id=\"4238b6d\" data-element_type=\"widget\" data-e-type=\"widget\" data-widget_type=\"image.default\">\n\t\t\t\t<div class=\"elementor-widget-container\">\n\t\t\t\t\t\t\t\t\t\t\t\t\t\t\t<img fetchpriority=\"high\" decoding=\"async\" width=\"800\" height=\"534\" src=\"https:\/\/aizell.se\/wp-content\/uploads\/2022\/01\/iStock-639621702-1024x683.jpg\" class=\"attachment-large size-large wp-image-3368\" alt=\"\" srcset=\"https:\/\/aizell.se\/wp-content\/uploads\/2022\/01\/iStock-639621702-1024x683.jpg 1024w, https:\/\/aizell.se\/wp-content\/uploads\/2022\/01\/iStock-639621702-300x200.jpg 300w, https:\/\/aizell.se\/wp-content\/uploads\/2022\/01\/iStock-639621702-768x513.jpg 768w, https:\/\/aizell.se\/wp-content\/uploads\/2022\/01\/iStock-639621702-1536x1025.jpg 1536w, https:\/\/aizell.se\/wp-content\/uploads\/2022\/01\/iStock-639621702-2048x1367.jpg 2048w, https:\/\/aizell.se\/wp-content\/uploads\/2022\/01\/iStock-639621702-930x620.jpg 930w\" sizes=\"(max-width: 800px) 100vw, 800px\" \/>\t\t\t\t\t\t\t\t\t\t\t\t\t\t\t<\/div>\n\t\t\t\t<\/div>\n\t\t\t\t\t<\/div>\n\t\t<\/div>\n\t\t\t\t\t<\/div>\n\t\t<\/section>\n\t\t\t\t\t<\/div>\n\t\t<\/div>\n\t\t\t\t\t<\/div>\n\t\t<\/section>\n\t\t\t\t<section class=\"elementor-section elementor-top-section elementor-element elementor-element-fe93bff elementor-section-boxed elementor-section-height-default elementor-section-height-default\" data-id=\"fe93bff\" data-element_type=\"section\" data-e-type=\"section\" data-settings=\"{&quot;background_background&quot;:&quot;classic&quot;}\">\n\t\t\t\t\t\t<div class=\"elementor-container elementor-column-gap-default\">\n\t\t\t\t\t<div class=\"elementor-column elementor-col-100 elementor-top-column elementor-element elementor-element-b0ed1da\" data-id=\"b0ed1da\" data-element_type=\"column\" data-e-type=\"column\">\n\t\t\t<div class=\"elementor-widget-wrap elementor-element-populated\">\n\t\t\t\t\t\t<section class=\"elementor-section elementor-inner-section elementor-element elementor-element-40afaac elementor-section-boxed elementor-section-height-default elementor-section-height-default\" data-id=\"40afaac\" data-element_type=\"section\" data-e-type=\"section\">\n\t\t\t\t\t\t<div class=\"elementor-container elementor-column-gap-default\">\n\t\t\t\t\t<div class=\"elementor-column elementor-col-50 elementor-inner-column elementor-element elementor-element-a8c0666\" data-id=\"a8c0666\" data-element_type=\"column\" data-e-type=\"column\">\n\t\t\t<div class=\"elementor-widget-wrap elementor-element-populated\">\n\t\t\t\t\t\t<div class=\"elementor-element elementor-element-8337ead elementor-widget elementor-widget-text-editor\" data-id=\"8337ead\" data-element_type=\"widget\" data-e-type=\"widget\" data-widget_type=\"text-editor.default\">\n\t\t\t\t<div class=\"elementor-widget-container\">\n\t\t\t\t\t\t\t\t\t<ul><li><strong>Inneh\u00e5ll:<\/strong><\/li><li>Marknadens utveckling och dess konsekvenser<\/li><li>V\u00e5rt f\u00f6retags merv\u00e4rden &#8211; varf\u00f6r v\u00e4lja oss &#8211; vad s\u00e4rskiljer oss<\/li><li>Att argumentera och presentera slagkraftigt<\/li><li>Att var f\u00f6rberedd &#8211; inkommande samtal<\/li><li>Olika s\u00e4ljsituationer &#8211; inkommande och utg\u00e5ende samtal<br \/>F\u00f6rfr\u00e5gan<br \/>Ordermottagning<br \/>Reklamation<br \/>Utg\u00e5ende samtal<\/li><li>Avslutsprocessen &#8211; att konkretisera och g\u00f6ra klart aff\u00e4ren<\/li><li>Att hantera fr\u00e5gor och inv\u00e4ndningar framg\u00e5ngsrikt<\/li><\/ul>\t\t\t\t\t\t\t\t<\/div>\n\t\t\t\t<\/div>\n\t\t\t\t\t<\/div>\n\t\t<\/div>\n\t\t\t\t<div class=\"elementor-column elementor-col-50 elementor-inner-column elementor-element elementor-element-e359419\" data-id=\"e359419\" data-element_type=\"column\" data-e-type=\"column\">\n\t\t\t<div class=\"elementor-widget-wrap elementor-element-populated\">\n\t\t\t\t\t\t<div class=\"elementor-element elementor-element-9fa3ebf elementor-widget elementor-widget-text-editor\" data-id=\"9fa3ebf\" data-element_type=\"widget\" data-e-type=\"widget\" data-widget_type=\"text-editor.default\">\n\t\t\t\t<div class=\"elementor-widget-container\">\n\t\t\t\t\t\t\t\t\t<p><strong>M\u00e5lgrupp:<\/strong><br \/>Konferensen riktar sig till innes\u00e4ljare och de som sitter i en backofficefunktion och har mycket kundkontakt.<\/p><p><strong>Uppl\u00e4gg:<\/strong><br \/>2 dagar inklusive kv\u00e4llsarbete dag 1, individuell uppf\u00f6ljning digitalt.<\/p><p><strong>Pris:<\/strong><br \/>16.500 SEK inklusive helpension<br \/><br \/><strong>Kommande utbildningsdatum:<\/strong><br \/><em>18-19\/9 &#8211; G\u00f6teborg<\/em><br \/>21-22\/11 &#8211; Stockholm<br \/>20-21\/2 2024 &#8211; G\u00f6teborg<\/p>\t\t\t\t\t\t\t\t<\/div>\n\t\t\t\t<\/div>\n\t\t\t\t\t<\/div>\n\t\t<\/div>\n\t\t\t\t\t<\/div>\n\t\t<\/section>\n\t\t\t\t<div class=\"elementor-element elementor-element-29d64f0 elementor-widget-divider--view-line_text elementor-widget-divider--element-align-center elementor-widget elementor-widget-divider\" data-id=\"29d64f0\" data-element_type=\"widget\" data-e-type=\"widget\" data-widget_type=\"divider.default\">\n\t\t\t\t<div class=\"elementor-widget-container\">\n\t\t\t\t\t\t\t<div class=\"elementor-divider\">\n\t\t\t<span class=\"elementor-divider-separator\">\n\t\t\t\t\t\t\t<span class=\"elementor-divider__text elementor-divider__element\">\n\t\t\t\tKursledare\t\t\t\t<\/span>\n\t\t\t\t\t\t<\/span>\n\t\t<\/div>\n\t\t\t\t\t\t<\/div>\n\t\t\t\t<\/div>\n\t\t\t\t<section class=\"elementor-section elementor-inner-section elementor-element elementor-element-5ab029c elementor-section-boxed elementor-section-height-default elementor-section-height-default\" data-id=\"5ab029c\" data-element_type=\"section\" data-e-type=\"section\" data-settings=\"{&quot;background_background&quot;:&quot;classic&quot;}\">\n\t\t\t\t\t\t<div class=\"elementor-container elementor-column-gap-default\">\n\t\t\t\t\t<div class=\"elementor-column elementor-col-33 elementor-inner-column elementor-element elementor-element-42366fc\" data-id=\"42366fc\" data-element_type=\"column\" data-e-type=\"column\" data-settings=\"{&quot;background_background&quot;:&quot;classic&quot;}\">\n\t\t\t<div class=\"elementor-widget-wrap elementor-element-populated\">\n\t\t\t\t\t\t<div class=\"elementor-element elementor-element-f1e8299 elementor-widget elementor-widget-image\" data-id=\"f1e8299\" data-element_type=\"widget\" data-e-type=\"widget\" data-widget_type=\"image.default\">\n\t\t\t\t<div class=\"elementor-widget-container\">\n\t\t\t\t\t\t\t\t\t\t\t\t\t\t\t<img decoding=\"async\" width=\"300\" height=\"220\" src=\"https:\/\/aizell.se\/wp-content\/uploads\/2023\/04\/KH-300x220.jpg\" class=\"attachment-medium size-medium wp-image-4037\" alt=\"\" srcset=\"https:\/\/aizell.se\/wp-content\/uploads\/2023\/04\/KH-300x220.jpg 300w, https:\/\/aizell.se\/wp-content\/uploads\/2023\/04\/KH.jpg 615w\" sizes=\"(max-width: 300px) 100vw, 300px\" \/>\t\t\t\t\t\t\t\t\t\t\t\t\t\t\t<\/div>\n\t\t\t\t<\/div>\n\t\t\t\t\t<\/div>\n\t\t<\/div>\n\t\t\t\t<div class=\"elementor-column elementor-col-66 elementor-inner-column elementor-element elementor-element-6f94f66\" data-id=\"6f94f66\" data-element_type=\"column\" data-e-type=\"column\">\n\t\t\t<div class=\"elementor-widget-wrap elementor-element-populated\">\n\t\t\t\t\t\t<div class=\"elementor-element elementor-element-854f0e5 elementor-widget elementor-widget-text-editor\" data-id=\"854f0e5\" data-element_type=\"widget\" data-e-type=\"widget\" data-widget_type=\"text-editor.default\">\n\t\t\t\t<div class=\"elementor-widget-container\">\n\t\t\t\t\t\t\t\t\t<p style=\"font-size: 18px; font-weight: normal; font-family: Arial, Helvetica, sans-serif, Arial, Helvetica, sans-serif; letter-spacing: normal; text-transform: none; -webkit-text-stroke-color: #000000; stroke-width: 0px; stroke: #000000; text-shadow: rgba(0, 0, 0, 0.3) 0px 0px 0px;\" data-elementor-setting-key=\"title\" data-pen-placeholder=\"Skriv h\u00e4r...\"><span style=\"font-weight: bold;\">Kristian Hellsten<\/span><br \/>Med \u00f6ver 25 \u00e5rs erfarenhet av att bygga, tr\u00e4na, coacha och utveckla s\u00e4ljare, b\u00e5de nationell s\u00e5v\u00e4l som internationellt, f\u00e5r deltagarna m\u00e4ngder av praktiska r\u00e5d, tips och strukturer f\u00f6r att g\u00f6ra dig som s\u00e4ljare riktigt framg\u00e5ngsrik. <br \/><a href=\"mailto:kristian.hellsten@isl.se\">kristian.hellsten@isl.se<\/a><\/p>\t\t\t\t\t\t\t\t<\/div>\n\t\t\t\t<\/div>\n\t\t\t\t\t<\/div>\n\t\t<\/div>\n\t\t\t\t\t<\/div>\n\t\t<\/section>\n\t\t\t\t\t<\/div>\n\t\t<\/div>\n\t\t\t\t\t<\/div>\n\t\t<\/section>\n\t\t\t\t<section class=\"elementor-section elementor-top-section elementor-element elementor-element-969f0db elementor-section-boxed elementor-section-height-default elementor-section-height-default\" data-id=\"969f0db\" data-element_type=\"section\" data-e-type=\"section\" data-settings=\"{&quot;background_background&quot;:&quot;classic&quot;}\">\n\t\t\t\t\t\t<div class=\"elementor-container elementor-column-gap-default\">\n\t\t\t\t\t<div class=\"elementor-column elementor-col-100 elementor-top-column elementor-element elementor-element-716344d\" data-id=\"716344d\" data-element_type=\"column\" data-e-type=\"column\">\n\t\t\t<div class=\"elementor-widget-wrap elementor-element-populated\">\n\t\t\t\t\t\t<div class=\"elementor-element elementor-element-4308e94 elementor-widget elementor-widget-heading\" data-id=\"4308e94\" data-element_type=\"widget\" data-e-type=\"widget\" data-widget_type=\"heading.default\">\n\t\t\t\t<div class=\"elementor-widget-container\">\n\t\t\t\t\t<h2 class=\"elementor-heading-title elementor-size-default\">Intresserad - boka eller g\u00f6r en intresseanm\u00e4lan h\u00e4r<\/h2>\t\t\t\t<\/div>\n\t\t\t\t<\/div>\n\t\t\t\t<div class=\"elementor-element elementor-element-7a6fda3 elementor-align-center elementor-mobile-align-justify elementor-widget elementor-widget-button\" data-id=\"7a6fda3\" data-element_type=\"widget\" data-e-type=\"widget\" data-widget_type=\"button.default\">\n\t\t\t\t<div class=\"elementor-widget-container\">\n\t\t\t\t\t\t\t\t\t<div class=\"elementor-button-wrapper\">\n\t\t\t\t\t<a class=\"elementor-button elementor-button-link elementor-size-lg\" href=\"https:\/\/aizell.se\/en\/kontakt\/\">\n\t\t\t\t\t\t<span class=\"elementor-button-content-wrapper\">\n\t\t\t\t\t\t<span class=\"elementor-button-icon\">\n\t\t\t\t<i aria-hidden=\"true\" class=\"far fa-envelope\"><\/i>\t\t\t<\/span>\n\t\t\t\t\t\t\t\t\t<span class=\"elementor-button-text\">kontakt<\/span>\n\t\t\t\t\t<\/span>\n\t\t\t\t\t<\/a>\n\t\t\t\t<\/div>\n\t\t\t\t\t\t\t\t<\/div>\n\t\t\t\t<\/div>\n\t\t\t\t\t<\/div>\n\t\t<\/div>\n\t\t\t\t\t<\/div>\n\t\t<\/section>\n\t\t\t\t<\/div>","protected":false},"excerpt":{"rendered":"<p>Professionell kundv\u00e5rd &#8211; aktiv merf\u00f6rs\u00e4ljning &#8211; genom positiv och professionell p\u00e5verkan utveckla l\u00e5ngsiktiga kundrelationer P\u00e5 den h\u00e4r utbildningen uppgraderar vi innes\u00e4ljare och de som sitter i en backoffice-funktion idag, och som har en stor kundkontakt. H\u00e4r f\u00e5r man verktyg och tr\u00e4ning i hur man genom positiv p\u00e5verkan kan skapa merf\u00f6rs\u00e4ljning och utveckla l\u00e5ngsiktiga och l\u00f6nsamma [&hellip;]<\/p>\n","protected":false},"author":2,"featured_media":0,"parent":0,"menu_order":0,"comment_status":"closed","ping_status":"closed","template":"elementor_header_footer","meta":{"footnotes":""},"class_list":["post-4197","page","type-page","status-publish","hentry"],"_links":{"self":[{"href":"https:\/\/aizell.se\/en\/wp-json\/wp\/v2\/pages\/4197","targetHints":{"allow":["GET"]}}],"collection":[{"href":"https:\/\/aizell.se\/en\/wp-json\/wp\/v2\/pages"}],"about":[{"href":"https:\/\/aizell.se\/en\/wp-json\/wp\/v2\/types\/page"}],"author":[{"embeddable":true,"href":"https:\/\/aizell.se\/en\/wp-json\/wp\/v2\/users\/2"}],"replies":[{"embeddable":true,"href":"https:\/\/aizell.se\/en\/wp-json\/wp\/v2\/comments?post=4197"}],"version-history":[{"count":0,"href":"https:\/\/aizell.se\/en\/wp-json\/wp\/v2\/pages\/4197\/revisions"}],"wp:attachment":[{"href":"https:\/\/aizell.se\/en\/wp-json\/wp\/v2\/media?parent=4197"}],"curies":[{"name":"wp","href":"https:\/\/api.w.org\/{rel}","templated":true}]}}