{"id":4299,"date":"2023-04-28T14:16:43","date_gmt":"2023-04-28T12:16:43","guid":{"rendered":"https:\/\/islnordic.se\/?page_id=4299"},"modified":"2023-09-25T14:16:44","modified_gmt":"2023-09-25T12:16:44","slug":"ledarskapsutbildningar-att-leda-och-samordna","status":"publish","type":"page","link":"https:\/\/aizell.se\/sv_se\/ledarskapsutbildningar-att-leda-och-samordna\/","title":{"rendered":"Ledarskapsutbildningar &#8211; Ledarskap &#8211; att leda och samordna"},"content":{"rendered":"\t\t<div data-elementor-type=\"wp-page\" data-elementor-id=\"4299\" class=\"elementor elementor-4299\" data-elementor-post-type=\"page\">\n\t\t\t\t\t\t<section class=\"elementor-section elementor-top-section elementor-element elementor-element-95dfe33 elementor-section-boxed elementor-section-height-default elementor-section-height-default\" data-id=\"95dfe33\" data-element_type=\"section\" data-e-type=\"section\">\n\t\t\t\t\t\t<div class=\"elementor-container elementor-column-gap-default\">\n\t\t\t\t\t<div class=\"elementor-column elementor-col-100 elementor-top-column elementor-element elementor-element-a926e3d\" data-id=\"a926e3d\" data-element_type=\"column\" data-e-type=\"column\">\n\t\t\t<div class=\"elementor-widget-wrap elementor-element-populated\">\n\t\t\t\t\t\t<div class=\"elementor-element elementor-element-b052411 elementor-widget elementor-widget-heading\" data-id=\"b052411\" data-element_type=\"widget\" data-e-type=\"widget\" data-widget_type=\"heading.default\">\n\t\t\t\t<div class=\"elementor-widget-container\">\n\t\t\t\t\t<h1 class=\"elementor-heading-title elementor-size-default\">Ledarskap - att leda och samordna<\/h1>\t\t\t\t<\/div>\n\t\t\t\t<\/div>\n\t\t\t\t\t<\/div>\n\t\t<\/div>\n\t\t\t\t\t<\/div>\n\t\t<\/section>\n\t\t\t\t<section class=\"elementor-section elementor-top-section elementor-element elementor-element-3c6591e elementor-section-boxed elementor-section-height-default elementor-section-height-default\" data-id=\"3c6591e\" data-element_type=\"section\" data-e-type=\"section\" data-settings=\"{&quot;background_background&quot;:&quot;classic&quot;}\">\n\t\t\t\t\t\t<div class=\"elementor-container elementor-column-gap-default\">\n\t\t\t\t\t<div class=\"elementor-column elementor-col-100 elementor-top-column elementor-element elementor-element-95e3364\" data-id=\"95e3364\" data-element_type=\"column\" data-e-type=\"column\">\n\t\t\t<div class=\"elementor-widget-wrap elementor-element-populated\">\n\t\t\t\t\t\t<section class=\"elementor-section elementor-inner-section elementor-element elementor-element-14bcd48 elementor-section-boxed elementor-section-height-default elementor-section-height-default\" data-id=\"14bcd48\" data-element_type=\"section\" data-e-type=\"section\">\n\t\t\t\t\t\t<div class=\"elementor-container elementor-column-gap-default\">\n\t\t\t\t\t<div class=\"elementor-column elementor-col-50 elementor-inner-column elementor-element elementor-element-775488c\" data-id=\"775488c\" data-element_type=\"column\" data-e-type=\"column\">\n\t\t\t<div class=\"elementor-widget-wrap elementor-element-populated\">\n\t\t\t\t\t\t<div class=\"elementor-element elementor-element-cd9ae3f elementor-widget elementor-widget-text-editor\" data-id=\"cd9ae3f\" data-element_type=\"widget\" data-e-type=\"widget\" data-widget_type=\"text-editor.default\">\n\t\t\t\t<div class=\"elementor-widget-container\">\n\t\t\t\t\t\t\t\t\t<p>Den h\u00e4r utbildningen ger mellanchefer och \u00f6vriga ledare kunskaper hur man bygger leder och utvecklar h\u00f6gpresterande grupper\/team.<\/p><p>Man f\u00e5r en \u00f6kad sociala kompetens &#8211; insikt i de faktorer som p\u00e5verkar m\u00e4nskligt beteende &#8211; och d\u00e4rmed ocks\u00e5 kunskap om hur motivera och \u00f6ka involvering och engagemang hos medarbetare. <br \/>Man f\u00e5r strukturer,praktiska tips och r\u00e5d f\u00f6r hur genomf\u00f6ra f\u00f6r\u00e4ndringar framg\u00e5ngsrikt, hur introducera nya medarbetare, och hur coacha och ge \u00e5terkoppling till sina medarbetare f\u00f6r \u00f6kade prestationer.<\/p><p><span style=\"background-color: var( --e-global-color-nvlightbg ); color: var(--nv-text-color); font-family: var(--bodyfontfamily),var(--nv-fallback-ff); font-weight: var(--bodyfontweight); letter-spacing: var(--bodyletterspacing); text-transform: var(--bodytexttransform);\">Konferensen v\u00e4nder sig till de chefer som vill utveckla sig i sitt ledarskap och f\u00e5 kunskaper om hur man med ett m\u00e5linriktat och medvetet ledarskap kan f\u00e5 ut mer av varje medarbetare &#8211; samordna och m\u00e5lstyra sitt team\/grupp framg\u00e5ngsrikt &#8211; bli en chef som \u00e4r ledare, och som medarbetarna vill bli ledd av.<\/span><\/p>\t\t\t\t\t\t\t\t<\/div>\n\t\t\t\t<\/div>\n\t\t\t\t\t<\/div>\n\t\t<\/div>\n\t\t\t\t<div class=\"elementor-column elementor-col-50 elementor-inner-column elementor-element elementor-element-3d25514\" data-id=\"3d25514\" data-element_type=\"column\" data-e-type=\"column\">\n\t\t\t<div class=\"elementor-widget-wrap elementor-element-populated\">\n\t\t\t\t\t\t<div class=\"elementor-element elementor-element-4238b6d elementor-widget__width-initial elementor-widget elementor-widget-image\" data-id=\"4238b6d\" data-element_type=\"widget\" data-e-type=\"widget\" data-widget_type=\"image.default\">\n\t\t\t\t<div class=\"elementor-widget-container\">\n\t\t\t\t\t\t\t\t\t\t\t\t\t\t\t<img fetchpriority=\"high\" decoding=\"async\" width=\"800\" height=\"534\" src=\"https:\/\/aizell.se\/wp-content\/uploads\/2022\/01\/121356474-kopia-1024x683.png\" class=\"attachment-large size-large wp-image-3040\" alt=\"\" srcset=\"https:\/\/aizell.se\/wp-content\/uploads\/2022\/01\/121356474-kopia-1024x683.png 1024w, https:\/\/aizell.se\/wp-content\/uploads\/2022\/01\/121356474-kopia-300x200.png 300w, https:\/\/aizell.se\/wp-content\/uploads\/2022\/01\/121356474-kopia-768x512.png 768w, https:\/\/aizell.se\/wp-content\/uploads\/2022\/01\/121356474-kopia-1536x1024.png 1536w, https:\/\/aizell.se\/wp-content\/uploads\/2022\/01\/121356474-kopia-2048x1366.png 2048w, https:\/\/aizell.se\/wp-content\/uploads\/2022\/01\/121356474-kopia-930x620.png 930w\" sizes=\"(max-width: 800px) 100vw, 800px\" \/>\t\t\t\t\t\t\t\t\t\t\t\t\t\t\t<\/div>\n\t\t\t\t<\/div>\n\t\t\t\t\t<\/div>\n\t\t<\/div>\n\t\t\t\t\t<\/div>\n\t\t<\/section>\n\t\t\t\t\t<\/div>\n\t\t<\/div>\n\t\t\t\t\t<\/div>\n\t\t<\/section>\n\t\t\t\t<section class=\"elementor-section elementor-top-section elementor-element elementor-element-fe93bff elementor-section-boxed elementor-section-height-default elementor-section-height-default\" data-id=\"fe93bff\" data-element_type=\"section\" data-e-type=\"section\" data-settings=\"{&quot;background_background&quot;:&quot;classic&quot;}\">\n\t\t\t\t\t\t<div class=\"elementor-container elementor-column-gap-default\">\n\t\t\t\t\t<div class=\"elementor-column elementor-col-100 elementor-top-column elementor-element elementor-element-b0ed1da\" data-id=\"b0ed1da\" data-element_type=\"column\" data-e-type=\"column\">\n\t\t\t<div class=\"elementor-widget-wrap elementor-element-populated\">\n\t\t\t\t\t\t<section class=\"elementor-section elementor-inner-section elementor-element elementor-element-40afaac elementor-section-boxed elementor-section-height-default elementor-section-height-default\" data-id=\"40afaac\" data-element_type=\"section\" data-e-type=\"section\">\n\t\t\t\t\t\t<div class=\"elementor-container elementor-column-gap-default\">\n\t\t\t\t\t<div class=\"elementor-column elementor-col-50 elementor-inner-column elementor-element elementor-element-a8c0666\" data-id=\"a8c0666\" data-element_type=\"column\" data-e-type=\"column\">\n\t\t\t<div class=\"elementor-widget-wrap elementor-element-populated\">\n\t\t\t\t\t\t<div class=\"elementor-element elementor-element-8337ead elementor-widget elementor-widget-text-editor\" data-id=\"8337ead\" data-element_type=\"widget\" data-e-type=\"widget\" data-widget_type=\"text-editor.default\">\n\t\t\t\t<div class=\"elementor-widget-container\">\n\t\t\t\t\t\t\t\t\t<p><strong>Inneh\u00e5ll:<\/strong><\/p><ul><li>Krav och f\u00f6rv\u00e4ntningar p\u00e5 ledare<\/li><li>Effektiv m\u00e5lstyrning och samordning<\/li><li>Struktur f\u00f6r att bygga och utveckla framg\u00e5ngsrika team\/grupper<\/li><li>Social kompetens &#8211; faktorer som p\u00e5verkar m\u00e4nskligt beteende<\/li><li>Attityders och f\u00f6rv\u00e4ntningars betydelse f\u00f6r framg\u00e5ngsrika prestationer.<\/li><li>Att framg\u00e5ngsrikt genomf\u00f6ra f\u00f6r\u00e4ndringar<\/li><li>Introduktion av nya medarbetare<\/li><li>Personalutvecklingssamtal<\/li><li>Praktiska regler f\u00f6r framg\u00e5ngsrikt ledarskap<\/li><\/ul>\t\t\t\t\t\t\t\t<\/div>\n\t\t\t\t<\/div>\n\t\t\t\t\t<\/div>\n\t\t<\/div>\n\t\t\t\t<div class=\"elementor-column elementor-col-50 elementor-inner-column elementor-element elementor-element-e359419\" data-id=\"e359419\" data-element_type=\"column\" data-e-type=\"column\">\n\t\t\t<div class=\"elementor-widget-wrap elementor-element-populated\">\n\t\t\t\t\t\t<div class=\"elementor-element elementor-element-9fa3ebf elementor-widget elementor-widget-text-editor\" data-id=\"9fa3ebf\" data-element_type=\"widget\" data-e-type=\"widget\" data-widget_type=\"text-editor.default\">\n\t\t\t\t<div class=\"elementor-widget-container\">\n\t\t\t\t\t\t\t\t\t<p><strong>M\u00e5lgrupp:<\/strong><br \/>Konferensen v\u00e4nder sig till alla i personalledande befattning(funktions-, enhets-, linjeansvarig).<\/p><p><strong>Uppl\u00e4gg:<\/strong><br \/>2 dagar inklusive kv\u00e4llsarbete dag 1, individuell uppf\u00f6ljning digitalt.<\/p><p><strong>Pris:<\/strong><br \/>16.500 SEK inklusive helpension<\/p><p><strong>Kommande utbildningsdatum:<\/strong><br \/><em>21-22\/8 &#8211; G\u00f6teborg<\/em><br \/>26-27\/10 &#8211; Stockholm<br \/>6-7\/2 2024 &#8211; G\u00f6teborg<\/p>\t\t\t\t\t\t\t\t<\/div>\n\t\t\t\t<\/div>\n\t\t\t\t\t<\/div>\n\t\t<\/div>\n\t\t\t\t\t<\/div>\n\t\t<\/section>\n\t\t\t\t<div class=\"elementor-element elementor-element-29d64f0 elementor-widget-divider--view-line_text elementor-widget-divider--element-align-center elementor-widget elementor-widget-divider\" data-id=\"29d64f0\" data-element_type=\"widget\" data-e-type=\"widget\" data-widget_type=\"divider.default\">\n\t\t\t\t<div class=\"elementor-widget-container\">\n\t\t\t\t\t\t\t<div class=\"elementor-divider\">\n\t\t\t<span class=\"elementor-divider-separator\">\n\t\t\t\t\t\t\t<span class=\"elementor-divider__text elementor-divider__element\">\n\t\t\t\tKursledare\t\t\t\t<\/span>\n\t\t\t\t\t\t<\/span>\n\t\t<\/div>\n\t\t\t\t\t\t<\/div>\n\t\t\t\t<\/div>\n\t\t\t\t<section class=\"elementor-section elementor-inner-section elementor-element elementor-element-5ab029c elementor-section-boxed elementor-section-height-default elementor-section-height-default\" data-id=\"5ab029c\" data-element_type=\"section\" data-e-type=\"section\" data-settings=\"{&quot;background_background&quot;:&quot;classic&quot;}\">\n\t\t\t\t\t\t<div class=\"elementor-container elementor-column-gap-default\">\n\t\t\t\t\t<div class=\"elementor-column elementor-col-33 elementor-inner-column elementor-element elementor-element-42366fc\" data-id=\"42366fc\" data-element_type=\"column\" data-e-type=\"column\" data-settings=\"{&quot;background_background&quot;:&quot;classic&quot;}\">\n\t\t\t<div class=\"elementor-widget-wrap elementor-element-populated\">\n\t\t\t\t\t\t<div class=\"elementor-element elementor-element-f1e8299 elementor-widget elementor-widget-image\" data-id=\"f1e8299\" data-element_type=\"widget\" data-e-type=\"widget\" data-widget_type=\"image.default\">\n\t\t\t\t<div class=\"elementor-widget-container\">\n\t\t\t\t\t\t\t\t\t\t\t\t\t\t\t<img decoding=\"async\" width=\"300\" height=\"220\" src=\"https:\/\/aizell.se\/wp-content\/uploads\/2023\/04\/KH-300x220.jpg\" class=\"attachment-medium size-medium wp-image-4037\" alt=\"\" srcset=\"https:\/\/aizell.se\/wp-content\/uploads\/2023\/04\/KH-300x220.jpg 300w, https:\/\/aizell.se\/wp-content\/uploads\/2023\/04\/KH.jpg 615w\" sizes=\"(max-width: 300px) 100vw, 300px\" \/>\t\t\t\t\t\t\t\t\t\t\t\t\t\t\t<\/div>\n\t\t\t\t<\/div>\n\t\t\t\t\t<\/div>\n\t\t<\/div>\n\t\t\t\t<div class=\"elementor-column elementor-col-66 elementor-inner-column elementor-element elementor-element-6f94f66\" data-id=\"6f94f66\" data-element_type=\"column\" data-e-type=\"column\">\n\t\t\t<div class=\"elementor-widget-wrap elementor-element-populated\">\n\t\t\t\t\t\t<div class=\"elementor-element elementor-element-854f0e5 elementor-widget elementor-widget-text-editor\" data-id=\"854f0e5\" data-element_type=\"widget\" data-e-type=\"widget\" data-widget_type=\"text-editor.default\">\n\t\t\t\t<div class=\"elementor-widget-container\">\n\t\t\t\t\t\t\t\t\t<p style=\"font-size: 18px; font-weight: normal; font-family: Arial, Helvetica, sans-serif, Arial, Helvetica, sans-serif; letter-spacing: normal; text-transform: none; -webkit-text-stroke-color: #000000; stroke-width: 0px; stroke: #000000; text-shadow: rgba(0, 0, 0, 0.3) 0px 0px 0px;\" data-elementor-setting-key=\"title\" data-pen-placeholder=\"Skriv h\u00e4r...\"><span style=\"font-weight: bold;\">Kristian Hellsten<\/span><br \/>Med \u00f6ver 25 \u00e5rs erfarenhet av att bygga, tr\u00e4na, coacha och utveckla chefer och ledare, b\u00e5de nationell s\u00e5v\u00e4l som internationellt, f\u00e5r deltagarna m\u00e4ngder av praktiska r\u00e5d, tips och strukturer f\u00f6r att g\u00f6ra dig riktigt framg\u00e5ngsrik i din roll. <br \/><a href=\"mailto:kristian.hellsten@isl.se\">kristian.hellsten@isl.se<\/a><\/p>\t\t\t\t\t\t\t\t<\/div>\n\t\t\t\t<\/div>\n\t\t\t\t\t<\/div>\n\t\t<\/div>\n\t\t\t\t\t<\/div>\n\t\t<\/section>\n\t\t\t\t\t<\/div>\n\t\t<\/div>\n\t\t\t\t\t<\/div>\n\t\t<\/section>\n\t\t\t\t<section class=\"elementor-section elementor-top-section elementor-element elementor-element-969f0db elementor-section-boxed elementor-section-height-default elementor-section-height-default\" data-id=\"969f0db\" data-element_type=\"section\" data-e-type=\"section\" data-settings=\"{&quot;background_background&quot;:&quot;classic&quot;}\">\n\t\t\t\t\t\t<div class=\"elementor-container elementor-column-gap-default\">\n\t\t\t\t\t<div class=\"elementor-column elementor-col-100 elementor-top-column elementor-element elementor-element-716344d\" data-id=\"716344d\" data-element_type=\"column\" data-e-type=\"column\">\n\t\t\t<div class=\"elementor-widget-wrap elementor-element-populated\">\n\t\t\t\t\t\t<div class=\"elementor-element elementor-element-4308e94 elementor-widget elementor-widget-heading\" data-id=\"4308e94\" data-element_type=\"widget\" data-e-type=\"widget\" data-widget_type=\"heading.default\">\n\t\t\t\t<div class=\"elementor-widget-container\">\n\t\t\t\t\t<h2 class=\"elementor-heading-title elementor-size-default\">Intresserad - boka eller g\u00f6r en intresseanm\u00e4lan h\u00e4r<\/h2>\t\t\t\t<\/div>\n\t\t\t\t<\/div>\n\t\t\t\t<div class=\"elementor-element elementor-element-7a6fda3 elementor-align-center elementor-mobile-align-justify elementor-widget elementor-widget-button\" data-id=\"7a6fda3\" data-element_type=\"widget\" data-e-type=\"widget\" data-widget_type=\"button.default\">\n\t\t\t\t<div class=\"elementor-widget-container\">\n\t\t\t\t\t\t\t\t\t<div class=\"elementor-button-wrapper\">\n\t\t\t\t\t<a class=\"elementor-button elementor-button-link elementor-size-lg\" href=\"https:\/\/aizell.se\/sv_se\/kontakt\/\">\n\t\t\t\t\t\t<span class=\"elementor-button-content-wrapper\">\n\t\t\t\t\t\t<span class=\"elementor-button-icon\">\n\t\t\t\t<i aria-hidden=\"true\" class=\"far fa-envelope\"><\/i>\t\t\t<\/span>\n\t\t\t\t\t\t\t\t\t<span class=\"elementor-button-text\">kontakt<\/span>\n\t\t\t\t\t<\/span>\n\t\t\t\t\t<\/a>\n\t\t\t\t<\/div>\n\t\t\t\t\t\t\t\t<\/div>\n\t\t\t\t<\/div>\n\t\t\t\t\t<\/div>\n\t\t<\/div>\n\t\t\t\t\t<\/div>\n\t\t<\/section>\n\t\t\t\t<\/div>\n\t\t","protected":false},"excerpt":{"rendered":"<p>Ledarskap &#8211; att leda och samordna Den h\u00e4r utbildningen ger mellanchefer och \u00f6vriga ledare kunskaper hur man bygger leder och utvecklar h\u00f6gpresterande grupper\/team. Man f\u00e5r en \u00f6kad sociala kompetens &#8211; insikt i de faktorer som p\u00e5verkar m\u00e4nskligt beteende &#8211; och d\u00e4rmed ocks\u00e5 kunskap om hur motivera och \u00f6ka involvering och engagemang hos medarbetare. Man f\u00e5r [&hellip;]<\/p>\n","protected":false},"author":2,"featured_media":0,"parent":0,"menu_order":0,"comment_status":"closed","ping_status":"closed","template":"elementor_header_footer","meta":{"footnotes":""},"class_list":["post-4299","page","type-page","status-publish","hentry"],"_links":{"self":[{"href":"https:\/\/aizell.se\/sv_se\/wp-json\/wp\/v2\/pages\/4299","targetHints":{"allow":["GET"]}}],"collection":[{"href":"https:\/\/aizell.se\/sv_se\/wp-json\/wp\/v2\/pages"}],"about":[{"href":"https:\/\/aizell.se\/sv_se\/wp-json\/wp\/v2\/types\/page"}],"author":[{"embeddable":true,"href":"https:\/\/aizell.se\/sv_se\/wp-json\/wp\/v2\/users\/2"}],"replies":[{"embeddable":true,"href":"https:\/\/aizell.se\/sv_se\/wp-json\/wp\/v2\/comments?post=4299"}],"version-history":[{"count":0,"href":"https:\/\/aizell.se\/sv_se\/wp-json\/wp\/v2\/pages\/4299\/revisions"}],"wp:attachment":[{"href":"https:\/\/aizell.se\/sv_se\/wp-json\/wp\/v2\/media?parent=4299"}],"curies":[{"name":"wp","href":"https:\/\/api.w.org\/{rel}","templated":true}]}}