{"id":4346,"date":"2023-04-29T09:03:13","date_gmt":"2023-04-29T07:03:13","guid":{"rendered":"https:\/\/islnordic.se\/?page_id=4346"},"modified":"2023-09-25T14:18:11","modified_gmt":"2023-09-25T12:18:11","slug":"ledarskapsutbildningar-professionelltframtradande","status":"publish","type":"page","link":"https:\/\/aizell.se\/sv_se\/ledarskapsutbildningar-professionelltframtradande\/","title":{"rendered":"Ledarskapsutbildningar &#8211; Professionellt framtr\u00e4dande"},"content":{"rendered":"\t\t<div data-elementor-type=\"wp-page\" data-elementor-id=\"4346\" class=\"elementor elementor-4346\" data-elementor-post-type=\"page\">\n\t\t\t\t\t\t<section class=\"elementor-section elementor-top-section elementor-element elementor-element-95dfe33 elementor-section-boxed elementor-section-height-default elementor-section-height-default\" data-id=\"95dfe33\" data-element_type=\"section\" data-e-type=\"section\">\n\t\t\t\t\t\t<div class=\"elementor-container elementor-column-gap-default\">\n\t\t\t\t\t<div class=\"elementor-column elementor-col-100 elementor-top-column elementor-element elementor-element-a926e3d\" data-id=\"a926e3d\" data-element_type=\"column\" data-e-type=\"column\">\n\t\t\t<div class=\"elementor-widget-wrap elementor-element-populated\">\n\t\t\t\t\t\t<div class=\"elementor-element elementor-element-b052411 elementor-widget elementor-widget-heading\" data-id=\"b052411\" data-element_type=\"widget\" data-e-type=\"widget\" data-widget_type=\"heading.default\">\n\t\t\t\t<div class=\"elementor-widget-container\">\n\t\t\t\t\t<h1 class=\"elementor-heading-title elementor-size-default\">Professionellt framtr\u00e4dande<\/h1>\t\t\t\t<\/div>\n\t\t\t\t<\/div>\n\t\t\t\t\t<\/div>\n\t\t<\/div>\n\t\t\t\t\t<\/div>\n\t\t<\/section>\n\t\t\t\t<section class=\"elementor-section elementor-top-section elementor-element elementor-element-39cc15e elementor-section-boxed elementor-section-height-default elementor-section-height-default\" data-id=\"39cc15e\" data-element_type=\"section\" data-e-type=\"section\">\n\t\t\t\t\t\t<div class=\"elementor-container elementor-column-gap-default\">\n\t\t\t\t\t<div class=\"elementor-column elementor-col-100 elementor-top-column elementor-element elementor-element-5d5b975\" data-id=\"5d5b975\" data-element_type=\"column\" data-e-type=\"column\">\n\t\t\t<div class=\"elementor-widget-wrap elementor-element-populated\">\n\t\t\t\t\t\t<div class=\"elementor-element elementor-element-81bcec7 elementor-widget__width-initial elementor-widget elementor-widget-heading\" data-id=\"81bcec7\" data-element_type=\"widget\" data-e-type=\"widget\" data-widget_type=\"heading.default\">\n\t\t\t\t<div class=\"elementor-widget-container\">\n\t\t\t\t\t<h2 class=\"elementor-heading-title elementor-size-default\">- att presentera med genomslag<\/h2>\t\t\t\t<\/div>\n\t\t\t\t<\/div>\n\t\t\t\t\t<\/div>\n\t\t<\/div>\n\t\t\t\t\t<\/div>\n\t\t<\/section>\n\t\t\t\t<section class=\"elementor-section elementor-top-section elementor-element elementor-element-3c6591e elementor-section-boxed elementor-section-height-default elementor-section-height-default\" data-id=\"3c6591e\" data-element_type=\"section\" data-e-type=\"section\" data-settings=\"{&quot;background_background&quot;:&quot;classic&quot;}\">\n\t\t\t\t\t\t<div class=\"elementor-container elementor-column-gap-default\">\n\t\t\t\t\t<div class=\"elementor-column elementor-col-100 elementor-top-column elementor-element elementor-element-95e3364\" data-id=\"95e3364\" data-element_type=\"column\" data-e-type=\"column\">\n\t\t\t<div class=\"elementor-widget-wrap elementor-element-populated\">\n\t\t\t\t\t\t<section class=\"elementor-section elementor-inner-section elementor-element elementor-element-14bcd48 elementor-section-boxed elementor-section-height-default elementor-section-height-default\" data-id=\"14bcd48\" data-element_type=\"section\" data-e-type=\"section\">\n\t\t\t\t\t\t<div class=\"elementor-container elementor-column-gap-default\">\n\t\t\t\t\t<div class=\"elementor-column elementor-col-50 elementor-inner-column elementor-element elementor-element-775488c\" data-id=\"775488c\" data-element_type=\"column\" data-e-type=\"column\">\n\t\t\t<div class=\"elementor-widget-wrap elementor-element-populated\">\n\t\t\t\t\t\t<div class=\"elementor-element elementor-element-cd9ae3f elementor-widget elementor-widget-text-editor\" data-id=\"cd9ae3f\" data-element_type=\"widget\" data-e-type=\"widget\" data-widget_type=\"text-editor.default\">\n\t\t\t\t<div class=\"elementor-widget-container\">\n\t\t\t\t\t\t\t\t\t<p>Den h\u00e4r utbildningen v\u00e4nder sig till chefer och ledare som vill \u00f6ka sitt genomslag n\u00e4r de presenterar, s\u00e4ljer in, eller f\u00f6rankrar sitt budskap intern, eller ut mot kund.<\/p><p>Du f\u00e5r kunskaper om hur du f\u00f6rbereder dig, l\u00e4gger upp ditt budskap och hur du skall framf\u00f6ra det &#8211; dessutom f\u00e5r du praktisk tr\u00e4ning framf\u00f6r grupp f\u00f6r att utveckla dig sj\u00e4lv \u00e4nnu mer.<\/p><p>Du blir coachad i hur utveckla ditt kroppsspr\u00e5k, r\u00f6st och retorik och hur du skall hantera hj\u00e4lpmedel.<\/p><p>Utbildningen ger dig som chef en f\u00f6rb\u00e4ttrad s\u00e4kerhet, ett naturligt genomslag, en \u00f6kad slagkraft vid presentationer.<\/p><h3 class=\"elementor-heading-title elementor-size-medium elementor-inline-editing pen\" style=\"font-size: 19px; font-weight: 400; font-family: Arial, Helvetica, sans-serif, Arial, Helvetica, sans-serif; letter-spacing: normal; text-transform: none; -webkit-text-stroke-color: #000000; stroke-width: 0px; stroke: #000000; text-shadow: rgba(0, 0, 0, 0.3) 0px 0px 0px;\" data-elementor-setting-key=\"title\" data-pen-placeholder=\"Skriv h\u00e4r...\">\u00a0<\/h3>\t\t\t\t\t\t\t\t<\/div>\n\t\t\t\t<\/div>\n\t\t\t\t\t<\/div>\n\t\t<\/div>\n\t\t\t\t<div class=\"elementor-column elementor-col-50 elementor-inner-column elementor-element elementor-element-3d25514\" data-id=\"3d25514\" data-element_type=\"column\" data-e-type=\"column\">\n\t\t\t<div class=\"elementor-widget-wrap elementor-element-populated\">\n\t\t\t\t\t\t<div class=\"elementor-element elementor-element-4238b6d elementor-widget__width-initial elementor-widget elementor-widget-image\" data-id=\"4238b6d\" data-element_type=\"widget\" data-e-type=\"widget\" data-widget_type=\"image.default\">\n\t\t\t\t<div class=\"elementor-widget-container\">\n\t\t\t\t\t\t\t\t\t\t\t\t\t\t\t<img fetchpriority=\"high\" decoding=\"async\" width=\"720\" height=\"481\" src=\"https:\/\/aizell.se\/wp-content\/uploads\/2022\/01\/Pa\u030averka-medarbetare.png\" class=\"attachment-large size-large wp-image-3120\" alt=\"\" srcset=\"https:\/\/aizell.se\/wp-content\/uploads\/2022\/01\/Pa\u030averka-medarbetare.png 720w, https:\/\/aizell.se\/wp-content\/uploads\/2022\/01\/Pa\u030averka-medarbetare-300x200.png 300w\" sizes=\"(max-width: 720px) 100vw, 720px\" \/>\t\t\t\t\t\t\t\t\t\t\t\t\t\t\t<\/div>\n\t\t\t\t<\/div>\n\t\t\t\t\t<\/div>\n\t\t<\/div>\n\t\t\t\t\t<\/div>\n\t\t<\/section>\n\t\t\t\t\t<\/div>\n\t\t<\/div>\n\t\t\t\t\t<\/div>\n\t\t<\/section>\n\t\t\t\t<section class=\"elementor-section elementor-top-section elementor-element elementor-element-fe93bff elementor-section-boxed elementor-section-height-default elementor-section-height-default\" data-id=\"fe93bff\" data-element_type=\"section\" data-e-type=\"section\" data-settings=\"{&quot;background_background&quot;:&quot;classic&quot;}\">\n\t\t\t\t\t\t<div class=\"elementor-container elementor-column-gap-default\">\n\t\t\t\t\t<div class=\"elementor-column elementor-col-100 elementor-top-column elementor-element elementor-element-b0ed1da\" data-id=\"b0ed1da\" data-element_type=\"column\" data-e-type=\"column\">\n\t\t\t<div class=\"elementor-widget-wrap elementor-element-populated\">\n\t\t\t\t\t\t<section class=\"elementor-section elementor-inner-section elementor-element elementor-element-40afaac elementor-section-boxed elementor-section-height-default elementor-section-height-default\" data-id=\"40afaac\" data-element_type=\"section\" data-e-type=\"section\">\n\t\t\t\t\t\t<div class=\"elementor-container elementor-column-gap-default\">\n\t\t\t\t\t<div class=\"elementor-column elementor-col-50 elementor-inner-column elementor-element elementor-element-a8c0666\" data-id=\"a8c0666\" data-element_type=\"column\" data-e-type=\"column\">\n\t\t\t<div class=\"elementor-widget-wrap elementor-element-populated\">\n\t\t\t\t\t\t<div class=\"elementor-element elementor-element-8337ead elementor-widget elementor-widget-text-editor\" data-id=\"8337ead\" data-element_type=\"widget\" data-e-type=\"widget\" data-widget_type=\"text-editor.default\">\n\t\t\t\t<div class=\"elementor-widget-container\">\n\t\t\t\t\t\t\t\t\t<p><strong>Inneh\u00e5ll:<\/strong><\/p><ul><li>6 vanligaste felen vid presentationer<\/li><li>P\u00e5verkbara och op\u00e5verkbara faktorer<\/li><li>Egna f\u00f6rberedelser<\/li><li>Budskapets uppl\u00e4gg &#8211; inledning &#8211; fr\u00e5gor &#8211; avslutning<\/li><li>Grundstruktur f\u00f6r olika typer av presentationer<\/li><li>Uppl\u00e4gg och anpassning av budskap\u00a0<\/li><li>Kroppsspr\u00e5kets betydelse f\u00f6r det personliga genomslaget<\/li><li>R\u00f6st och retorik<\/li><li>Att hantera hj\u00e4lpmedel<\/li><li>Aktiv tr\u00e4ning inf\u00f6r grupp<\/li><\/ul>\t\t\t\t\t\t\t\t<\/div>\n\t\t\t\t<\/div>\n\t\t\t\t\t<\/div>\n\t\t<\/div>\n\t\t\t\t<div class=\"elementor-column elementor-col-50 elementor-inner-column elementor-element elementor-element-e359419\" data-id=\"e359419\" data-element_type=\"column\" data-e-type=\"column\">\n\t\t\t<div class=\"elementor-widget-wrap elementor-element-populated\">\n\t\t\t\t\t\t<div class=\"elementor-element elementor-element-9fa3ebf elementor-widget elementor-widget-text-editor\" data-id=\"9fa3ebf\" data-element_type=\"widget\" data-e-type=\"widget\" data-widget_type=\"text-editor.default\">\n\t\t\t\t<div class=\"elementor-widget-container\">\n\t\t\t\t\t\t\t\t\t<p><strong>M\u00e5lgrupp:<\/strong><br \/>Konferensen riktar sig till chefer och ledare som vill \u00f6ka sin s\u00e4kerhet och f\u00f6rb\u00e4ttra sitt genomslag vid presentationer inf\u00f6r grupp.<\/p><p><strong>Uppl\u00e4gg:<\/strong><br \/>2 dagar inklusive kv\u00e4llsarbete dag 1, individuell uppf\u00f6ljning digitalt.<\/p><p><strong>Pris:<\/strong><br \/>16.500 SEK inklusive helpension<\/p><p><strong>Kommande utbildningsdatum:<\/strong><br \/><em>20-21\/9 &#8211; G\u00f6teborg<\/em><br \/>13-14\/3 2024 &#8211; Stockholm<\/p>\t\t\t\t\t\t\t\t<\/div>\n\t\t\t\t<\/div>\n\t\t\t\t\t<\/div>\n\t\t<\/div>\n\t\t\t\t\t<\/div>\n\t\t<\/section>\n\t\t\t\t<div class=\"elementor-element elementor-element-29d64f0 elementor-widget-divider--view-line_text elementor-widget-divider--element-align-center elementor-widget elementor-widget-divider\" data-id=\"29d64f0\" data-element_type=\"widget\" data-e-type=\"widget\" data-widget_type=\"divider.default\">\n\t\t\t\t<div class=\"elementor-widget-container\">\n\t\t\t\t\t\t\t<div class=\"elementor-divider\">\n\t\t\t<span class=\"elementor-divider-separator\">\n\t\t\t\t\t\t\t<span class=\"elementor-divider__text elementor-divider__element\">\n\t\t\t\tKursledare\t\t\t\t<\/span>\n\t\t\t\t\t\t<\/span>\n\t\t<\/div>\n\t\t\t\t\t\t<\/div>\n\t\t\t\t<\/div>\n\t\t\t\t<section class=\"elementor-section elementor-inner-section elementor-element elementor-element-5ab029c elementor-section-boxed elementor-section-height-default elementor-section-height-default\" data-id=\"5ab029c\" data-element_type=\"section\" data-e-type=\"section\" data-settings=\"{&quot;background_background&quot;:&quot;classic&quot;}\">\n\t\t\t\t\t\t<div class=\"elementor-container elementor-column-gap-default\">\n\t\t\t\t\t<div class=\"elementor-column elementor-col-33 elementor-inner-column elementor-element elementor-element-42366fc\" data-id=\"42366fc\" data-element_type=\"column\" data-e-type=\"column\" data-settings=\"{&quot;background_background&quot;:&quot;classic&quot;}\">\n\t\t\t<div class=\"elementor-widget-wrap elementor-element-populated\">\n\t\t\t\t\t\t<div class=\"elementor-element elementor-element-f1e8299 elementor-widget elementor-widget-image\" data-id=\"f1e8299\" data-element_type=\"widget\" data-e-type=\"widget\" data-widget_type=\"image.default\">\n\t\t\t\t<div class=\"elementor-widget-container\">\n\t\t\t\t\t\t\t\t\t\t\t\t\t\t\t<img decoding=\"async\" width=\"300\" height=\"220\" src=\"https:\/\/aizell.se\/wp-content\/uploads\/2023\/04\/KH-300x220.jpg\" class=\"attachment-medium size-medium wp-image-4037\" alt=\"\" srcset=\"https:\/\/aizell.se\/wp-content\/uploads\/2023\/04\/KH-300x220.jpg 300w, https:\/\/aizell.se\/wp-content\/uploads\/2023\/04\/KH.jpg 615w\" sizes=\"(max-width: 300px) 100vw, 300px\" \/>\t\t\t\t\t\t\t\t\t\t\t\t\t\t\t<\/div>\n\t\t\t\t<\/div>\n\t\t\t\t\t<\/div>\n\t\t<\/div>\n\t\t\t\t<div class=\"elementor-column elementor-col-66 elementor-inner-column elementor-element elementor-element-6f94f66\" data-id=\"6f94f66\" data-element_type=\"column\" data-e-type=\"column\">\n\t\t\t<div class=\"elementor-widget-wrap elementor-element-populated\">\n\t\t\t\t\t\t<div class=\"elementor-element elementor-element-854f0e5 elementor-widget elementor-widget-text-editor\" data-id=\"854f0e5\" data-element_type=\"widget\" data-e-type=\"widget\" data-widget_type=\"text-editor.default\">\n\t\t\t\t<div class=\"elementor-widget-container\">\n\t\t\t\t\t\t\t\t\t<p style=\"font-size: 18px; font-weight: normal; font-family: Arial, Helvetica, sans-serif, Arial, Helvetica, sans-serif; letter-spacing: normal; text-transform: none; -webkit-text-stroke-color: #000000; stroke-width: 0px; stroke: #000000; text-shadow: rgba(0, 0, 0, 0.3) 0px 0px 0px;\" data-elementor-setting-key=\"title\" data-pen-placeholder=\"Skriv h\u00e4r...\"><span style=\"font-weight: bold;\">Kristian Hellsten<\/span><br \/>Med \u00f6ver 25 \u00e5rs erfarenhet av att bygga, tr\u00e4na, coacha och utveckla chefer, b\u00e5de nationell s\u00e5v\u00e4l som internationellt, f\u00e5r deltagarna m\u00e4ngder av praktiska r\u00e5d, tips och strukturer f\u00f6r att g\u00f6ra dig riktigt framg\u00e5ngsrik i din roll. <br \/><a href=\"mailto:kristian.hellsten@isl.se\">kristian.hellsten@isl.se<\/a><\/p>\t\t\t\t\t\t\t\t<\/div>\n\t\t\t\t<\/div>\n\t\t\t\t\t<\/div>\n\t\t<\/div>\n\t\t\t\t\t<\/div>\n\t\t<\/section>\n\t\t\t\t\t<\/div>\n\t\t<\/div>\n\t\t\t\t\t<\/div>\n\t\t<\/section>\n\t\t\t\t<section class=\"elementor-section elementor-top-section elementor-element elementor-element-969f0db elementor-section-boxed elementor-section-height-default elementor-section-height-default\" data-id=\"969f0db\" data-element_type=\"section\" data-e-type=\"section\" data-settings=\"{&quot;background_background&quot;:&quot;classic&quot;}\">\n\t\t\t\t\t\t<div class=\"elementor-container elementor-column-gap-default\">\n\t\t\t\t\t<div class=\"elementor-column elementor-col-100 elementor-top-column elementor-element elementor-element-716344d\" data-id=\"716344d\" data-element_type=\"column\" data-e-type=\"column\">\n\t\t\t<div class=\"elementor-widget-wrap elementor-element-populated\">\n\t\t\t\t\t\t<div class=\"elementor-element elementor-element-4308e94 elementor-widget elementor-widget-heading\" data-id=\"4308e94\" data-element_type=\"widget\" data-e-type=\"widget\" data-widget_type=\"heading.default\">\n\t\t\t\t<div class=\"elementor-widget-container\">\n\t\t\t\t\t<h2 class=\"elementor-heading-title elementor-size-default\">Intresserad - boka eller g\u00f6r en intresseanm\u00e4lan h\u00e4r<\/h2>\t\t\t\t<\/div>\n\t\t\t\t<\/div>\n\t\t\t\t<div class=\"elementor-element elementor-element-7a6fda3 elementor-align-center elementor-mobile-align-justify elementor-widget elementor-widget-button\" data-id=\"7a6fda3\" data-element_type=\"widget\" data-e-type=\"widget\" data-widget_type=\"button.default\">\n\t\t\t\t<div class=\"elementor-widget-container\">\n\t\t\t\t\t\t\t\t\t<div class=\"elementor-button-wrapper\">\n\t\t\t\t\t<a class=\"elementor-button elementor-button-link elementor-size-lg\" href=\"https:\/\/aizell.se\/sv_se\/kontakt\/\">\n\t\t\t\t\t\t<span class=\"elementor-button-content-wrapper\">\n\t\t\t\t\t\t<span class=\"elementor-button-icon\">\n\t\t\t\t<i aria-hidden=\"true\" class=\"far fa-envelope\"><\/i>\t\t\t<\/span>\n\t\t\t\t\t\t\t\t\t<span class=\"elementor-button-text\">kontakt<\/span>\n\t\t\t\t\t<\/span>\n\t\t\t\t\t<\/a>\n\t\t\t\t<\/div>\n\t\t\t\t\t\t\t\t<\/div>\n\t\t\t\t<\/div>\n\t\t\t\t\t<\/div>\n\t\t<\/div>\n\t\t\t\t\t<\/div>\n\t\t<\/section>\n\t\t\t\t<\/div>\n\t\t","protected":false},"excerpt":{"rendered":"<p>Professionellt framtr\u00e4dande &#8211; att presentera med genomslag Den h\u00e4r utbildningen v\u00e4nder sig till chefer och ledare som vill \u00f6ka sitt genomslag n\u00e4r de presenterar, s\u00e4ljer in, eller f\u00f6rankrar sitt budskap intern, eller ut mot kund. Du f\u00e5r kunskaper om hur du f\u00f6rbereder dig, l\u00e4gger upp ditt budskap och hur du skall framf\u00f6ra det &#8211; dessutom [&hellip;]<\/p>\n","protected":false},"author":2,"featured_media":0,"parent":0,"menu_order":0,"comment_status":"closed","ping_status":"closed","template":"elementor_header_footer","meta":{"footnotes":""},"class_list":["post-4346","page","type-page","status-publish","hentry"],"_links":{"self":[{"href":"https:\/\/aizell.se\/sv_se\/wp-json\/wp\/v2\/pages\/4346","targetHints":{"allow":["GET"]}}],"collection":[{"href":"https:\/\/aizell.se\/sv_se\/wp-json\/wp\/v2\/pages"}],"about":[{"href":"https:\/\/aizell.se\/sv_se\/wp-json\/wp\/v2\/types\/page"}],"author":[{"embeddable":true,"href":"https:\/\/aizell.se\/sv_se\/wp-json\/wp\/v2\/users\/2"}],"replies":[{"embeddable":true,"href":"https:\/\/aizell.se\/sv_se\/wp-json\/wp\/v2\/comments?post=4346"}],"version-history":[{"count":0,"href":"https:\/\/aizell.se\/sv_se\/wp-json\/wp\/v2\/pages\/4346\/revisions"}],"wp:attachment":[{"href":"https:\/\/aizell.se\/sv_se\/wp-json\/wp\/v2\/media?parent=4346"}],"curies":[{"name":"wp","href":"https:\/\/api.w.org\/{rel}","templated":true}]}}