{"id":4399,"date":"2023-04-29T10:11:29","date_gmt":"2023-04-29T08:11:29","guid":{"rendered":"https:\/\/islnordic.se\/?page_id=4399"},"modified":"2023-09-25T14:19:20","modified_gmt":"2023-09-25T12:19:20","slug":"ledarskapsutbildningar-forandringsledning","status":"publish","type":"page","link":"https:\/\/aizell.se\/sv_se\/ledarskapsutbildningar-forandringsledning\/","title":{"rendered":"Ledarskapsutbildningar &#8211; F\u00f6r\u00e4ndringsledning"},"content":{"rendered":"\t\t<div data-elementor-type=\"wp-page\" data-elementor-id=\"4399\" class=\"elementor elementor-4399\" data-elementor-post-type=\"page\">\n\t\t\t\t\t\t<section class=\"elementor-section elementor-top-section elementor-element elementor-element-95dfe33 elementor-section-boxed elementor-section-height-default elementor-section-height-default\" data-id=\"95dfe33\" data-element_type=\"section\" data-e-type=\"section\">\n\t\t\t\t\t\t<div class=\"elementor-container elementor-column-gap-default\">\n\t\t\t\t\t<div class=\"elementor-column elementor-col-100 elementor-top-column elementor-element elementor-element-a926e3d\" data-id=\"a926e3d\" data-element_type=\"column\" data-e-type=\"column\">\n\t\t\t<div class=\"elementor-widget-wrap elementor-element-populated\">\n\t\t\t\t\t\t<div class=\"elementor-element elementor-element-b052411 elementor-widget elementor-widget-heading\" data-id=\"b052411\" data-element_type=\"widget\" data-e-type=\"widget\" data-widget_type=\"heading.default\">\n\t\t\t\t<div class=\"elementor-widget-container\">\n\t\t\t\t\t<h1 class=\"elementor-heading-title elementor-size-default\">F\u00f6r\u00e4ndringsledning<\/h1>\t\t\t\t<\/div>\n\t\t\t\t<\/div>\n\t\t\t\t\t<\/div>\n\t\t<\/div>\n\t\t\t\t\t<\/div>\n\t\t<\/section>\n\t\t\t\t<section class=\"elementor-section elementor-top-section elementor-element elementor-element-39cc15e elementor-section-boxed elementor-section-height-default elementor-section-height-default\" data-id=\"39cc15e\" data-element_type=\"section\" data-e-type=\"section\">\n\t\t\t\t\t\t<div class=\"elementor-container elementor-column-gap-default\">\n\t\t\t\t\t<div class=\"elementor-column elementor-col-100 elementor-top-column elementor-element elementor-element-5d5b975\" data-id=\"5d5b975\" data-element_type=\"column\" data-e-type=\"column\">\n\t\t\t<div class=\"elementor-widget-wrap elementor-element-populated\">\n\t\t\t\t\t\t<div class=\"elementor-element elementor-element-81bcec7 elementor-widget__width-initial elementor-widget elementor-widget-heading\" data-id=\"81bcec7\" data-element_type=\"widget\" data-e-type=\"widget\" data-widget_type=\"heading.default\">\n\t\t\t\t<div class=\"elementor-widget-container\">\n\t\t\t\t\t<h2 class=\"elementor-heading-title elementor-size-default\">- att genomf\u00f6ra f\u00f6r\u00e4ndringar framg\u00e5ngsrikt<\/h2>\t\t\t\t<\/div>\n\t\t\t\t<\/div>\n\t\t\t\t\t<\/div>\n\t\t<\/div>\n\t\t\t\t\t<\/div>\n\t\t<\/section>\n\t\t\t\t<section class=\"elementor-section elementor-top-section elementor-element elementor-element-3c6591e elementor-section-boxed elementor-section-height-default elementor-section-height-default\" data-id=\"3c6591e\" data-element_type=\"section\" data-e-type=\"section\" data-settings=\"{&quot;background_background&quot;:&quot;classic&quot;}\">\n\t\t\t\t\t\t<div class=\"elementor-container elementor-column-gap-default\">\n\t\t\t\t\t<div class=\"elementor-column elementor-col-100 elementor-top-column elementor-element elementor-element-95e3364\" data-id=\"95e3364\" data-element_type=\"column\" data-e-type=\"column\">\n\t\t\t<div class=\"elementor-widget-wrap elementor-element-populated\">\n\t\t\t\t\t\t<section class=\"elementor-section elementor-inner-section elementor-element elementor-element-14bcd48 elementor-section-boxed elementor-section-height-default elementor-section-height-default\" data-id=\"14bcd48\" data-element_type=\"section\" data-e-type=\"section\">\n\t\t\t\t\t\t<div class=\"elementor-container elementor-column-gap-default\">\n\t\t\t\t\t<div class=\"elementor-column elementor-col-50 elementor-inner-column elementor-element elementor-element-775488c\" data-id=\"775488c\" data-element_type=\"column\" data-e-type=\"column\">\n\t\t\t<div class=\"elementor-widget-wrap elementor-element-populated\">\n\t\t\t\t\t\t<div class=\"elementor-element elementor-element-cd9ae3f elementor-widget elementor-widget-text-editor\" data-id=\"cd9ae3f\" data-element_type=\"widget\" data-e-type=\"widget\" data-widget_type=\"text-editor.default\">\n\t\t\t\t<div class=\"elementor-widget-container\">\n\t\t\t\t\t\t\t\t\t<p>Den h\u00e4r utbildningen v\u00e4nder sig till de som skall ansvarar f\u00f6r att genomf\u00f6ra en f\u00f6r\u00e4ndring internt p\u00e5 sitt f\u00f6retag.<\/p><p>H\u00e4r f\u00e5r man kunskap om m\u00e4nskligt beteende, hur medarbetare uppfattar f\u00f6r\u00e4ndringar. Man f\u00e5r kunskap om hur g\u00f6ra f\u00f6rberedelser f\u00f6r att n\u00e5 fram maximalt till mottagaren av budskapet.<br \/>Man f\u00e5r en linje och struktur f\u00f6r hur l\u00e4gga upp budskapet och hur framf\u00f6ra, kommunicera ut och f\u00f6rankra f\u00f6r\u00e4ndringar &#8211; f\u00e5 medarbetarna med sig.<\/p><p><span style=\"background-color: var( --e-global-color-nvlightbg ); color: var(--nv-text-color); font-family: var(--bodyfontfamily),var(--nv-fallback-ff); font-weight: var(--bodyfontweight); letter-spacing: var(--bodyletterspacing); text-transform: var(--bodytexttransform);\">Konferensen v\u00e4nder sig till de som vill f\u00e5 kunskaper och tr\u00e4ning i hur man s\u00e4ljer in, f\u00f6rankrar och genomf\u00f6r f\u00f6r\u00e4ndringar framg\u00e5ngsrikt.<\/span><\/p>\t\t\t\t\t\t\t\t<\/div>\n\t\t\t\t<\/div>\n\t\t\t\t\t<\/div>\n\t\t<\/div>\n\t\t\t\t<div class=\"elementor-column elementor-col-50 elementor-inner-column elementor-element elementor-element-3d25514\" data-id=\"3d25514\" data-element_type=\"column\" data-e-type=\"column\">\n\t\t\t<div class=\"elementor-widget-wrap elementor-element-populated\">\n\t\t\t\t\t\t<div class=\"elementor-element elementor-element-4238b6d elementor-widget__width-initial elementor-widget elementor-widget-image\" data-id=\"4238b6d\" data-element_type=\"widget\" data-e-type=\"widget\" data-widget_type=\"image.default\">\n\t\t\t\t<div class=\"elementor-widget-container\">\n\t\t\t\t\t\t\t\t\t\t\t\t\t\t\t<img fetchpriority=\"high\" decoding=\"async\" width=\"800\" height=\"534\" src=\"https:\/\/aizell.se\/wp-content\/uploads\/2022\/11\/iStock-856273430-1024x683.jpg\" class=\"attachment-large size-large wp-image-3693\" alt=\"\" srcset=\"https:\/\/aizell.se\/wp-content\/uploads\/2022\/11\/iStock-856273430-1024x683.jpg 1024w, https:\/\/aizell.se\/wp-content\/uploads\/2022\/11\/iStock-856273430-300x200.jpg 300w, https:\/\/aizell.se\/wp-content\/uploads\/2022\/11\/iStock-856273430-768x512.jpg 768w, https:\/\/aizell.se\/wp-content\/uploads\/2022\/11\/iStock-856273430-1536x1024.jpg 1536w, https:\/\/aizell.se\/wp-content\/uploads\/2022\/11\/iStock-856273430-2048x1365.jpg 2048w, https:\/\/aizell.se\/wp-content\/uploads\/2022\/11\/iStock-856273430-930x620.jpg 930w\" sizes=\"(max-width: 800px) 100vw, 800px\" \/>\t\t\t\t\t\t\t\t\t\t\t\t\t\t\t<\/div>\n\t\t\t\t<\/div>\n\t\t\t\t\t<\/div>\n\t\t<\/div>\n\t\t\t\t\t<\/div>\n\t\t<\/section>\n\t\t\t\t\t<\/div>\n\t\t<\/div>\n\t\t\t\t\t<\/div>\n\t\t<\/section>\n\t\t\t\t<section class=\"elementor-section elementor-top-section elementor-element elementor-element-fe93bff elementor-section-boxed elementor-section-height-default elementor-section-height-default\" data-id=\"fe93bff\" data-element_type=\"section\" data-e-type=\"section\" data-settings=\"{&quot;background_background&quot;:&quot;classic&quot;}\">\n\t\t\t\t\t\t<div class=\"elementor-container elementor-column-gap-default\">\n\t\t\t\t\t<div class=\"elementor-column elementor-col-100 elementor-top-column elementor-element elementor-element-b0ed1da\" data-id=\"b0ed1da\" data-element_type=\"column\" data-e-type=\"column\">\n\t\t\t<div class=\"elementor-widget-wrap elementor-element-populated\">\n\t\t\t\t\t\t<section class=\"elementor-section elementor-inner-section elementor-element elementor-element-40afaac elementor-section-boxed elementor-section-height-default elementor-section-height-default\" data-id=\"40afaac\" data-element_type=\"section\" data-e-type=\"section\">\n\t\t\t\t\t\t<div class=\"elementor-container elementor-column-gap-default\">\n\t\t\t\t\t<div class=\"elementor-column elementor-col-50 elementor-inner-column elementor-element elementor-element-a8c0666\" data-id=\"a8c0666\" data-element_type=\"column\" data-e-type=\"column\">\n\t\t\t<div class=\"elementor-widget-wrap elementor-element-populated\">\n\t\t\t\t\t\t<div class=\"elementor-element elementor-element-8337ead elementor-widget elementor-widget-text-editor\" data-id=\"8337ead\" data-element_type=\"widget\" data-e-type=\"widget\" data-widget_type=\"text-editor.default\">\n\t\t\t\t<div class=\"elementor-widget-container\">\n\t\t\t\t\t\t\t\t\t<p><strong>Inneh\u00e5ll:<\/strong><\/p>\n<ul>\n<li>Organisationers utveckling<\/li>\n<li>M\u00e4nskligt motst\u00e5nd till f\u00f6r\u00e4ndring<\/li><li>\u00c5tta steg f\u00f6r att lyckas med f\u00f6r\u00e4ndringsprocesser<\/li>\n<li>Mottagaren &#8211; att n\u00e5 fram&nbsp;<\/li>\n<li>M\u00e5lgruppsf\u00f6rberedelser<\/li>\n<li>Budskapets uppl\u00e4ggning f\u00f6r att n\u00e5 framg\u00e5ng<\/li>\n<li>Framf\u00f6rande &#8211; hur agera professionellt<\/li>\n<li>Checklista och h\u00e5llpunkter inf\u00f6r presentation\/genomg\u00e5ng av aktuell f\u00f6r\u00e4ndring<\/li>\n<li>Hj\u00e4lpmedel &#8211; vilka skall man anv\u00e4nda &#8211; vad b\u00f6r man t\u00e4nka p\u00e5<\/li>\n<li>Bed\u00f6mningsunderlag &#8211; f\u00f6r en generalrepetition<\/li>\n<\/ul>\t\t\t\t\t\t\t\t<\/div>\n\t\t\t\t<\/div>\n\t\t\t\t\t<\/div>\n\t\t<\/div>\n\t\t\t\t<div class=\"elementor-column elementor-col-50 elementor-inner-column elementor-element elementor-element-e359419\" data-id=\"e359419\" data-element_type=\"column\" data-e-type=\"column\">\n\t\t\t<div class=\"elementor-widget-wrap elementor-element-populated\">\n\t\t\t\t\t\t<div class=\"elementor-element elementor-element-9fa3ebf elementor-widget__width-initial elementor-widget elementor-widget-text-editor\" data-id=\"9fa3ebf\" data-element_type=\"widget\" data-e-type=\"widget\" data-widget_type=\"text-editor.default\">\n\t\t\t\t<div class=\"elementor-widget-container\">\n\t\t\t\t\t\t\t\t\t<p><strong>M\u00e5lgrupp:<\/strong><br \/>Konferensen riktar sig till de som ansvarar f\u00f6r att leda och genomf\u00f6ra f\u00f6r\u00e4ndringar.<\/p><p><strong>Uppl\u00e4gg:<\/strong><br \/>1 dag med individuell uppf\u00f6ljning digitalt.<\/p><p><strong>Pris:<\/strong><br \/>7.500 SEK<\/p><p><strong>Kommande utbildningsdatum:<\/strong><br \/><em>9\/8 &#8211; G\u00f6teborg<\/em><br \/>25\/10 &#8211; Stockholm<\/p>\t\t\t\t\t\t\t\t<\/div>\n\t\t\t\t<\/div>\n\t\t\t\t\t<\/div>\n\t\t<\/div>\n\t\t\t\t\t<\/div>\n\t\t<\/section>\n\t\t\t\t\t<\/div>\n\t\t<\/div>\n\t\t\t\t\t<\/div>\n\t\t<\/section>\n\t\t\t\t<section class=\"elementor-section elementor-top-section elementor-element elementor-element-969f0db elementor-section-boxed elementor-section-height-default elementor-section-height-default\" data-id=\"969f0db\" data-element_type=\"section\" data-e-type=\"section\" data-settings=\"{&quot;background_background&quot;:&quot;classic&quot;}\">\n\t\t\t\t\t\t<div class=\"elementor-container elementor-column-gap-default\">\n\t\t\t\t\t<div class=\"elementor-column elementor-col-100 elementor-top-column elementor-element elementor-element-716344d\" data-id=\"716344d\" data-element_type=\"column\" data-e-type=\"column\">\n\t\t\t<div class=\"elementor-widget-wrap elementor-element-populated\">\n\t\t\t\t\t\t<div class=\"elementor-element elementor-element-4308e94 elementor-widget elementor-widget-heading\" data-id=\"4308e94\" data-element_type=\"widget\" data-e-type=\"widget\" data-widget_type=\"heading.default\">\n\t\t\t\t<div class=\"elementor-widget-container\">\n\t\t\t\t\t<h2 class=\"elementor-heading-title elementor-size-default\">Intresserad - boka eller g\u00f6r en intresseanm\u00e4lan h\u00e4r<\/h2>\t\t\t\t<\/div>\n\t\t\t\t<\/div>\n\t\t\t\t<div class=\"elementor-element elementor-element-7a6fda3 elementor-align-center elementor-mobile-align-justify elementor-widget elementor-widget-button\" data-id=\"7a6fda3\" data-element_type=\"widget\" data-e-type=\"widget\" data-widget_type=\"button.default\">\n\t\t\t\t<div class=\"elementor-widget-container\">\n\t\t\t\t\t\t\t\t\t<div class=\"elementor-button-wrapper\">\n\t\t\t\t\t<a class=\"elementor-button elementor-button-link elementor-size-lg\" href=\"https:\/\/aizell.se\/sv_se\/kontakt\/\">\n\t\t\t\t\t\t<span class=\"elementor-button-content-wrapper\">\n\t\t\t\t\t\t<span class=\"elementor-button-icon\">\n\t\t\t\t<i aria-hidden=\"true\" class=\"far fa-envelope\"><\/i>\t\t\t<\/span>\n\t\t\t\t\t\t\t\t\t<span class=\"elementor-button-text\">kontakt<\/span>\n\t\t\t\t\t<\/span>\n\t\t\t\t\t<\/a>\n\t\t\t\t<\/div>\n\t\t\t\t\t\t\t\t<\/div>\n\t\t\t\t<\/div>\n\t\t\t\t\t<\/div>\n\t\t<\/div>\n\t\t\t\t\t<\/div>\n\t\t<\/section>\n\t\t\t\t<\/div>\n\t\t","protected":false},"excerpt":{"rendered":"<p>F\u00f6r\u00e4ndringsledning &#8211; att genomf\u00f6ra f\u00f6r\u00e4ndringar framg\u00e5ngsrikt Den h\u00e4r utbildningen v\u00e4nder sig till de som skall ansvarar f\u00f6r att genomf\u00f6ra en f\u00f6r\u00e4ndring internt p\u00e5 sitt f\u00f6retag. H\u00e4r f\u00e5r man kunskap om m\u00e4nskligt beteende, hur medarbetare uppfattar f\u00f6r\u00e4ndringar. Man f\u00e5r kunskap om hur g\u00f6ra f\u00f6rberedelser f\u00f6r att n\u00e5 fram maximalt till mottagaren av budskapet.Man f\u00e5r en linje [&hellip;]<\/p>\n","protected":false},"author":2,"featured_media":0,"parent":0,"menu_order":0,"comment_status":"closed","ping_status":"closed","template":"elementor_header_footer","meta":{"footnotes":""},"class_list":["post-4399","page","type-page","status-publish","hentry"],"_links":{"self":[{"href":"https:\/\/aizell.se\/sv_se\/wp-json\/wp\/v2\/pages\/4399","targetHints":{"allow":["GET"]}}],"collection":[{"href":"https:\/\/aizell.se\/sv_se\/wp-json\/wp\/v2\/pages"}],"about":[{"href":"https:\/\/aizell.se\/sv_se\/wp-json\/wp\/v2\/types\/page"}],"author":[{"embeddable":true,"href":"https:\/\/aizell.se\/sv_se\/wp-json\/wp\/v2\/users\/2"}],"replies":[{"embeddable":true,"href":"https:\/\/aizell.se\/sv_se\/wp-json\/wp\/v2\/comments?post=4399"}],"version-history":[{"count":0,"href":"https:\/\/aizell.se\/sv_se\/wp-json\/wp\/v2\/pages\/4399\/revisions"}],"wp:attachment":[{"href":"https:\/\/aizell.se\/sv_se\/wp-json\/wp\/v2\/media?parent=4399"}],"curies":[{"name":"wp","href":"https:\/\/api.w.org\/{rel}","templated":true}]}}