{"id":4436,"date":"2023-04-30T10:49:10","date_gmt":"2023-04-30T08:49:10","guid":{"rendered":"https:\/\/islnordic.se\/?page_id=4436"},"modified":"2023-09-25T14:20:18","modified_gmt":"2023-09-25T12:20:18","slug":"strategiutbildningar-totaleffektivitet","status":"publish","type":"page","link":"https:\/\/aizell.se\/sv_se\/strategiutbildningar-totaleffektivitet\/","title":{"rendered":"Strategiutbildningar &#8211; Totaleffektivitet"},"content":{"rendered":"\t\t<div data-elementor-type=\"wp-page\" data-elementor-id=\"4436\" class=\"elementor elementor-4436\" data-elementor-post-type=\"page\">\n\t\t\t\t\t\t<section class=\"elementor-section elementor-top-section elementor-element elementor-element-95dfe33 elementor-section-boxed elementor-section-height-default elementor-section-height-default\" data-id=\"95dfe33\" data-element_type=\"section\" data-e-type=\"section\">\n\t\t\t\t\t\t<div class=\"elementor-container elementor-column-gap-default\">\n\t\t\t\t\t<div class=\"elementor-column elementor-col-100 elementor-top-column elementor-element elementor-element-a926e3d\" data-id=\"a926e3d\" data-element_type=\"column\" data-e-type=\"column\">\n\t\t\t<div class=\"elementor-widget-wrap elementor-element-populated\">\n\t\t\t\t\t\t<div class=\"elementor-element elementor-element-b052411 elementor-widget elementor-widget-heading\" data-id=\"b052411\" data-element_type=\"widget\" data-e-type=\"widget\" data-widget_type=\"heading.default\">\n\t\t\t\t<div class=\"elementor-widget-container\">\n\t\t\t\t\t<h1 class=\"elementor-heading-title elementor-size-default\">Totaleffektivitet<\/h1>\t\t\t\t<\/div>\n\t\t\t\t<\/div>\n\t\t\t\t\t<\/div>\n\t\t<\/div>\n\t\t\t\t\t<\/div>\n\t\t<\/section>\n\t\t\t\t<section class=\"elementor-section elementor-top-section elementor-element elementor-element-39cc15e elementor-section-boxed elementor-section-height-default elementor-section-height-default\" data-id=\"39cc15e\" data-element_type=\"section\" data-e-type=\"section\">\n\t\t\t\t\t\t<div class=\"elementor-container elementor-column-gap-default\">\n\t\t\t\t\t<div class=\"elementor-column elementor-col-100 elementor-top-column elementor-element elementor-element-5d5b975\" data-id=\"5d5b975\" data-element_type=\"column\" data-e-type=\"column\">\n\t\t\t<div class=\"elementor-widget-wrap elementor-element-populated\">\n\t\t\t\t\t\t<div class=\"elementor-element elementor-element-81bcec7 elementor-widget__width-initial elementor-widget elementor-widget-heading\" data-id=\"81bcec7\" data-element_type=\"widget\" data-e-type=\"widget\" data-widget_type=\"heading.default\">\n\t\t\t\t<div class=\"elementor-widget-container\">\n\t\t\t\t\t<h2 class=\"elementor-heading-title elementor-size-default\">-att mobilisera f\u00f6retaget f\u00f6r framtiden<\/h2>\t\t\t\t<\/div>\n\t\t\t\t<\/div>\n\t\t\t\t\t<\/div>\n\t\t<\/div>\n\t\t\t\t\t<\/div>\n\t\t<\/section>\n\t\t\t\t<section class=\"elementor-section elementor-top-section elementor-element elementor-element-3c6591e elementor-section-boxed elementor-section-height-default elementor-section-height-default\" data-id=\"3c6591e\" data-element_type=\"section\" data-e-type=\"section\" data-settings=\"{&quot;background_background&quot;:&quot;classic&quot;}\">\n\t\t\t\t\t\t<div class=\"elementor-container elementor-column-gap-default\">\n\t\t\t\t\t<div class=\"elementor-column elementor-col-100 elementor-top-column elementor-element elementor-element-95e3364\" data-id=\"95e3364\" data-element_type=\"column\" data-e-type=\"column\">\n\t\t\t<div class=\"elementor-widget-wrap elementor-element-populated\">\n\t\t\t\t\t\t<section class=\"elementor-section elementor-inner-section elementor-element elementor-element-14bcd48 elementor-section-boxed elementor-section-height-default elementor-section-height-default\" data-id=\"14bcd48\" data-element_type=\"section\" data-e-type=\"section\">\n\t\t\t\t\t\t<div class=\"elementor-container elementor-column-gap-default\">\n\t\t\t\t\t<div class=\"elementor-column elementor-col-50 elementor-inner-column elementor-element elementor-element-775488c\" data-id=\"775488c\" data-element_type=\"column\" data-e-type=\"column\">\n\t\t\t<div class=\"elementor-widget-wrap elementor-element-populated\">\n\t\t\t\t\t\t<div class=\"elementor-element elementor-element-cd9ae3f elementor-widget__width-initial elementor-widget elementor-widget-text-editor\" data-id=\"cd9ae3f\" data-element_type=\"widget\" data-e-type=\"widget\" data-widget_type=\"text-editor.default\">\n\t\t\t\t<div class=\"elementor-widget-container\">\n\t\t\t\t\t\t\t\t\t<p>Totaleffektivitet \u00e4r ett begrepp som alltmer anv\u00e4nds vid \u00f6versyn och planering av ett f\u00f6retags framg\u00e5ngsfaktorer.<br \/><br \/>Syftet med konferensen \u00e4r att v\u00e4cka tankar och ge id\u00e9er om hur olika val\/inriktningar i verksamhetsid\u00e9n p\u00e5verkar f\u00f6retagets Totaleffektivitet.<\/p><p>Konferensen v\u00e4nder sig till VD, medlemmar i ledningsgruppen, som vill \u00f6ka sin strategiska kompetens och f\u00e5 en struktur och en process hur uppdatera sin verksamhetsid\u00e9 framg\u00e5ngsrikt och mobilisera f\u00f6retaget f\u00f6r framtiden.<\/p>\t\t\t\t\t\t\t\t<\/div>\n\t\t\t\t<\/div>\n\t\t\t\t\t<\/div>\n\t\t<\/div>\n\t\t\t\t<div class=\"elementor-column elementor-col-50 elementor-inner-column elementor-element elementor-element-3d25514\" data-id=\"3d25514\" data-element_type=\"column\" data-e-type=\"column\">\n\t\t\t<div class=\"elementor-widget-wrap elementor-element-populated\">\n\t\t\t\t\t\t<div class=\"elementor-element elementor-element-4238b6d elementor-widget__width-initial elementor-widget elementor-widget-image\" data-id=\"4238b6d\" data-element_type=\"widget\" data-e-type=\"widget\" data-widget_type=\"image.default\">\n\t\t\t\t<div class=\"elementor-widget-container\">\n\t\t\t\t\t\t\t\t\t\t\t\t\t\t\t<img fetchpriority=\"high\" decoding=\"async\" width=\"768\" height=\"364\" src=\"https:\/\/aizell.se\/wp-content\/uploads\/2022\/01\/iStock-1018003646-768x364.jpg\" class=\"attachment-medium_large size-medium_large wp-image-2783\" alt=\"\" srcset=\"https:\/\/aizell.se\/wp-content\/uploads\/2022\/01\/iStock-1018003646-768x364.jpg 768w, https:\/\/aizell.se\/wp-content\/uploads\/2022\/01\/iStock-1018003646-300x142.jpg 300w, https:\/\/aizell.se\/wp-content\/uploads\/2022\/01\/iStock-1018003646-1024x486.jpg 1024w, https:\/\/aizell.se\/wp-content\/uploads\/2022\/01\/iStock-1018003646-1536x728.jpg 1536w, https:\/\/aizell.se\/wp-content\/uploads\/2022\/01\/iStock-1018003646-2048x971.jpg 2048w\" sizes=\"(max-width: 768px) 100vw, 768px\" \/>\t\t\t\t\t\t\t\t\t\t\t\t\t\t\t<\/div>\n\t\t\t\t<\/div>\n\t\t\t\t\t<\/div>\n\t\t<\/div>\n\t\t\t\t\t<\/div>\n\t\t<\/section>\n\t\t\t\t\t<\/div>\n\t\t<\/div>\n\t\t\t\t\t<\/div>\n\t\t<\/section>\n\t\t\t\t<section class=\"elementor-section elementor-top-section elementor-element elementor-element-fe93bff elementor-section-boxed elementor-section-height-default elementor-section-height-default\" data-id=\"fe93bff\" data-element_type=\"section\" data-e-type=\"section\" data-settings=\"{&quot;background_background&quot;:&quot;classic&quot;}\">\n\t\t\t\t\t\t<div class=\"elementor-container elementor-column-gap-default\">\n\t\t\t\t\t<div class=\"elementor-column elementor-col-100 elementor-top-column elementor-element elementor-element-b0ed1da\" data-id=\"b0ed1da\" data-element_type=\"column\" data-e-type=\"column\">\n\t\t\t<div class=\"elementor-widget-wrap elementor-element-populated\">\n\t\t\t\t\t\t<section class=\"elementor-section elementor-inner-section elementor-element elementor-element-40afaac elementor-section-boxed elementor-section-height-default elementor-section-height-default\" data-id=\"40afaac\" data-element_type=\"section\" data-e-type=\"section\">\n\t\t\t\t\t\t<div class=\"elementor-container elementor-column-gap-default\">\n\t\t\t\t\t<div class=\"elementor-column elementor-col-50 elementor-inner-column elementor-element elementor-element-a8c0666\" data-id=\"a8c0666\" data-element_type=\"column\" data-e-type=\"column\">\n\t\t\t<div class=\"elementor-widget-wrap elementor-element-populated\">\n\t\t\t\t\t\t<div class=\"elementor-element elementor-element-8337ead elementor-widget elementor-widget-text-editor\" data-id=\"8337ead\" data-element_type=\"widget\" data-e-type=\"widget\" data-widget_type=\"text-editor.default\">\n\t\t\t\t<div class=\"elementor-widget-container\">\n\t\t\t\t\t\t\t\t\t<p><strong>Inneh\u00e5ll:<\/strong><\/p><ul><li>Totaleffektivitet &#8211; process f\u00f6r att utveckla sitt f\u00f6retags verksamhetsid\u00e9<\/li><li>Grundtro &#8211; id\u00e9 om aff\u00e4rsm\u00f6jlighet<\/li><li>Strategiska inriktningar &#8211; bas- och ledstrategier<\/li><li>V\u00e4rdedisciplin &#8211; att f\u00f6rst\u00e4rka sitt strategival<\/li><li>F\u00f6retagets yttre och inre effektivitet<\/li><li>M\u00e5lplaneringsprocessen &#8211; inventering och prioritering av inriktningar<\/li><li>Samordningsgrupper f\u00f6r genomf\u00f6rande av m\u00e5lplanering<\/li><li>V\u00e4rderingar och ledningsfilosofi<\/li><\/ul>\t\t\t\t\t\t\t\t<\/div>\n\t\t\t\t<\/div>\n\t\t\t\t\t<\/div>\n\t\t<\/div>\n\t\t\t\t<div class=\"elementor-column elementor-col-50 elementor-inner-column elementor-element elementor-element-e359419\" data-id=\"e359419\" data-element_type=\"column\" data-e-type=\"column\">\n\t\t\t<div class=\"elementor-widget-wrap elementor-element-populated\">\n\t\t\t\t\t\t<div class=\"elementor-element elementor-element-9fa3ebf elementor-widget elementor-widget-text-editor\" data-id=\"9fa3ebf\" data-element_type=\"widget\" data-e-type=\"widget\" data-widget_type=\"text-editor.default\">\n\t\t\t\t<div class=\"elementor-widget-container\">\n\t\t\t\t\t\t\t\t\t<p><strong>M\u00e5lgrupp:<\/strong><br \/>Konferensen v\u00e4nder sig till VD, medlemmar i ledningsgrupp, ansvariga f\u00f6r organisationsutveckling samt styrelseledam\u00f6ter.<br \/><strong>Uppl\u00e4gg:<\/strong><br \/>1 dag inklusive lunch.<br \/><strong style=\"color: var(--nv-text-color); font-family: var(--bodyfontfamily),var(--nv-fallback-ff); font-size: var(--bodyfontsize); letter-spacing: var(--bodyletterspacing); text-transform: var(--bodytexttransform);\">Pris:<br \/><\/strong>8.500 SEK\u00a0<br \/><strong>Kommande utbildningsdatum:<\/strong><br \/><em>15\/8 &#8211; G\u00f6teborg<\/em><br \/>3\/10 &#8211; Stockholm<br \/>5\/12 &#8211; G\u00f6teborg<\/p>\t\t\t\t\t\t\t\t<\/div>\n\t\t\t\t<\/div>\n\t\t\t\t\t<\/div>\n\t\t<\/div>\n\t\t\t\t\t<\/div>\n\t\t<\/section>\n\t\t\t\t<div class=\"elementor-element elementor-element-29d64f0 elementor-widget-divider--view-line_text elementor-widget-divider--element-align-center elementor-widget elementor-widget-divider\" data-id=\"29d64f0\" data-element_type=\"widget\" data-e-type=\"widget\" data-widget_type=\"divider.default\">\n\t\t\t\t<div class=\"elementor-widget-container\">\n\t\t\t\t\t\t\t<div class=\"elementor-divider\">\n\t\t\t<span class=\"elementor-divider-separator\">\n\t\t\t\t\t\t\t<span class=\"elementor-divider__text elementor-divider__element\">\n\t\t\t\tKursledare\t\t\t\t<\/span>\n\t\t\t\t\t\t<\/span>\n\t\t<\/div>\n\t\t\t\t\t\t<\/div>\n\t\t\t\t<\/div>\n\t\t\t\t<section class=\"elementor-section elementor-inner-section elementor-element elementor-element-5ab029c elementor-section-boxed elementor-section-height-default elementor-section-height-default\" data-id=\"5ab029c\" data-element_type=\"section\" data-e-type=\"section\" data-settings=\"{&quot;background_background&quot;:&quot;classic&quot;}\">\n\t\t\t\t\t\t<div class=\"elementor-container elementor-column-gap-default\">\n\t\t\t\t\t<div class=\"elementor-column elementor-col-33 elementor-inner-column elementor-element elementor-element-42366fc\" data-id=\"42366fc\" data-element_type=\"column\" data-e-type=\"column\" data-settings=\"{&quot;background_background&quot;:&quot;classic&quot;}\">\n\t\t\t<div class=\"elementor-widget-wrap elementor-element-populated\">\n\t\t\t\t\t\t<div class=\"elementor-element elementor-element-f1e8299 elementor-widget elementor-widget-image\" data-id=\"f1e8299\" data-element_type=\"widget\" data-e-type=\"widget\" data-widget_type=\"image.default\">\n\t\t\t\t<div class=\"elementor-widget-container\">\n\t\t\t\t\t\t\t\t\t\t\t\t\t\t\t<img decoding=\"async\" width=\"300\" height=\"220\" src=\"https:\/\/aizell.se\/wp-content\/uploads\/2023\/04\/KH-300x220.jpg\" class=\"attachment-medium size-medium wp-image-4037\" alt=\"\" srcset=\"https:\/\/aizell.se\/wp-content\/uploads\/2023\/04\/KH-300x220.jpg 300w, https:\/\/aizell.se\/wp-content\/uploads\/2023\/04\/KH.jpg 615w\" sizes=\"(max-width: 300px) 100vw, 300px\" \/>\t\t\t\t\t\t\t\t\t\t\t\t\t\t\t<\/div>\n\t\t\t\t<\/div>\n\t\t\t\t\t<\/div>\n\t\t<\/div>\n\t\t\t\t<div class=\"elementor-column elementor-col-66 elementor-inner-column elementor-element elementor-element-6f94f66\" data-id=\"6f94f66\" data-element_type=\"column\" data-e-type=\"column\">\n\t\t\t<div class=\"elementor-widget-wrap elementor-element-populated\">\n\t\t\t\t\t\t<div class=\"elementor-element elementor-element-854f0e5 elementor-widget elementor-widget-text-editor\" data-id=\"854f0e5\" data-element_type=\"widget\" data-e-type=\"widget\" data-widget_type=\"text-editor.default\">\n\t\t\t\t<div class=\"elementor-widget-container\">\n\t\t\t\t\t\t\t\t\t<p style=\"font-size: 18px; font-weight: normal; font-family: Arial, Helvetica, sans-serif, Arial, Helvetica, sans-serif; letter-spacing: normal; text-transform: none; -webkit-text-stroke-color: #000000; stroke-width: 0px; stroke: #000000; text-shadow: rgba(0, 0, 0, 0.3) 0px 0px 0px;\" data-elementor-setting-key=\"title\" data-pen-placeholder=\"Skriv h\u00e4r...\"><span style=\"font-weight: bold;\">Kristian Hellsten<\/span><br \/>Med \u00f6ver 25 \u00e5rs erfarenhet av att bygga, tr\u00e4na, coacha och utveckla chefer och ledare, b\u00e5de nationell s\u00e5v\u00e4l som internationellt, f\u00e5r deltagarna m\u00e4ngder av praktiska r\u00e5d, tips och strukturer f\u00f6r att g\u00f6ra dig riktigt framg\u00e5ngsrik i din roll. <br \/><a href=\"mailto:kristian.hellsten@isl.se\">kristian.hellsten@isl.se<\/a><\/p>\t\t\t\t\t\t\t\t<\/div>\n\t\t\t\t<\/div>\n\t\t\t\t\t<\/div>\n\t\t<\/div>\n\t\t\t\t\t<\/div>\n\t\t<\/section>\n\t\t\t\t\t<\/div>\n\t\t<\/div>\n\t\t\t\t\t<\/div>\n\t\t<\/section>\n\t\t\t\t<section class=\"elementor-section elementor-top-section elementor-element elementor-element-969f0db elementor-section-boxed elementor-section-height-default elementor-section-height-default\" data-id=\"969f0db\" data-element_type=\"section\" data-e-type=\"section\" data-settings=\"{&quot;background_background&quot;:&quot;classic&quot;}\">\n\t\t\t\t\t\t<div class=\"elementor-container elementor-column-gap-default\">\n\t\t\t\t\t<div class=\"elementor-column elementor-col-100 elementor-top-column elementor-element elementor-element-716344d\" data-id=\"716344d\" data-element_type=\"column\" data-e-type=\"column\">\n\t\t\t<div class=\"elementor-widget-wrap elementor-element-populated\">\n\t\t\t\t\t\t<div class=\"elementor-element elementor-element-4308e94 elementor-widget elementor-widget-heading\" data-id=\"4308e94\" data-element_type=\"widget\" data-e-type=\"widget\" data-widget_type=\"heading.default\">\n\t\t\t\t<div class=\"elementor-widget-container\">\n\t\t\t\t\t<h2 class=\"elementor-heading-title elementor-size-default\">Intresserad - boka eller g\u00f6r en intresseanm\u00e4lan h\u00e4r<\/h2>\t\t\t\t<\/div>\n\t\t\t\t<\/div>\n\t\t\t\t<div class=\"elementor-element elementor-element-7a6fda3 elementor-align-center elementor-mobile-align-justify elementor-widget elementor-widget-button\" data-id=\"7a6fda3\" data-element_type=\"widget\" data-e-type=\"widget\" data-widget_type=\"button.default\">\n\t\t\t\t<div class=\"elementor-widget-container\">\n\t\t\t\t\t\t\t\t\t<div class=\"elementor-button-wrapper\">\n\t\t\t\t\t<a class=\"elementor-button elementor-button-link elementor-size-lg\" href=\"https:\/\/aizell.se\/sv_se\/kontakt\/\">\n\t\t\t\t\t\t<span class=\"elementor-button-content-wrapper\">\n\t\t\t\t\t\t<span class=\"elementor-button-icon\">\n\t\t\t\t<i aria-hidden=\"true\" class=\"far fa-envelope\"><\/i>\t\t\t<\/span>\n\t\t\t\t\t\t\t\t\t<span class=\"elementor-button-text\">kontakt<\/span>\n\t\t\t\t\t<\/span>\n\t\t\t\t\t<\/a>\n\t\t\t\t<\/div>\n\t\t\t\t\t\t\t\t<\/div>\n\t\t\t\t<\/div>\n\t\t\t\t\t<\/div>\n\t\t<\/div>\n\t\t\t\t\t<\/div>\n\t\t<\/section>\n\t\t\t\t<\/div>\n\t\t","protected":false},"excerpt":{"rendered":"<p>Totaleffektivitet -att mobilisera f\u00f6retaget f\u00f6r framtiden Totaleffektivitet \u00e4r ett begrepp som alltmer anv\u00e4nds vid \u00f6versyn och planering av ett f\u00f6retags framg\u00e5ngsfaktorer. Syftet med konferensen \u00e4r att v\u00e4cka tankar och ge id\u00e9er om hur olika val\/inriktningar i verksamhetsid\u00e9n p\u00e5verkar f\u00f6retagets Totaleffektivitet. Konferensen v\u00e4nder sig till VD, medlemmar i ledningsgruppen, som vill \u00f6ka sin strategiska kompetens och [&hellip;]<\/p>\n","protected":false},"author":2,"featured_media":0,"parent":0,"menu_order":0,"comment_status":"closed","ping_status":"closed","template":"elementor_header_footer","meta":{"footnotes":""},"class_list":["post-4436","page","type-page","status-publish","hentry"],"_links":{"self":[{"href":"https:\/\/aizell.se\/sv_se\/wp-json\/wp\/v2\/pages\/4436","targetHints":{"allow":["GET"]}}],"collection":[{"href":"https:\/\/aizell.se\/sv_se\/wp-json\/wp\/v2\/pages"}],"about":[{"href":"https:\/\/aizell.se\/sv_se\/wp-json\/wp\/v2\/types\/page"}],"author":[{"embeddable":true,"href":"https:\/\/aizell.se\/sv_se\/wp-json\/wp\/v2\/users\/2"}],"replies":[{"embeddable":true,"href":"https:\/\/aizell.se\/sv_se\/wp-json\/wp\/v2\/comments?post=4436"}],"version-history":[{"count":0,"href":"https:\/\/aizell.se\/sv_se\/wp-json\/wp\/v2\/pages\/4436\/revisions"}],"wp:attachment":[{"href":"https:\/\/aizell.se\/sv_se\/wp-json\/wp\/v2\/media?parent=4436"}],"curies":[{"name":"wp","href":"https:\/\/api.w.org\/{rel}","templated":true}]}}