{"id":6277,"date":"2024-04-05T16:16:52","date_gmt":"2024-04-05T14:16:52","guid":{"rendered":"https:\/\/aizell.se\/?page_id=6277"},"modified":"2025-10-16T11:20:35","modified_gmt":"2025-10-16T09:20:35","slug":"integritetspolicy","status":"publish","type":"page","link":"https:\/\/aizell.se\/sv_se\/integritetspolicy\/","title":{"rendered":"Integritetspolicy"},"content":{"rendered":"\t\t<div data-elementor-type=\"wp-page\" data-elementor-id=\"6277\" class=\"elementor elementor-6277\" data-elementor-post-type=\"page\">\n\t\t\t\t\t\t<section class=\"elementor-section elementor-top-section elementor-element elementor-element-d58ea62 elementor-section-boxed elementor-section-height-default elementor-section-height-default\" data-id=\"d58ea62\" data-element_type=\"section\" data-e-type=\"section\">\n\t\t\t\t\t\t<div class=\"elementor-container elementor-column-gap-default\">\n\t\t\t\t\t<div class=\"elementor-column elementor-col-100 elementor-top-column elementor-element elementor-element-978314f\" data-id=\"978314f\" data-element_type=\"column\" data-e-type=\"column\">\n\t\t\t<div class=\"elementor-widget-wrap elementor-element-populated\">\n\t\t\t\t\t\t<div class=\"elementor-element elementor-element-0629b99 elementor-widget elementor-widget-heading\" data-id=\"0629b99\" data-element_type=\"widget\" data-e-type=\"widget\" data-widget_type=\"heading.default\">\n\t\t\t\t<div class=\"elementor-widget-container\">\n\t\t\t\t\t<h1 class=\"elementor-heading-title elementor-size-default\">Integritetspolicy<\/h1>\t\t\t\t<\/div>\n\t\t\t\t<\/div>\n\t\t\t\t\t<\/div>\n\t\t<\/div>\n\t\t\t\t\t<\/div>\n\t\t<\/section>\n\t\t<div class=\"elementor-element elementor-element-5071f1d e-flex e-con-boxed e-con e-parent\" data-id=\"5071f1d\" data-element_type=\"container\" data-e-type=\"container\">\n\t\t\t\t\t<div class=\"e-con-inner\">\n\t\t\t\t<div class=\"elementor-element elementor-element-dba4f21 elementor-widget-divider--view-line elementor-widget elementor-widget-divider\" data-id=\"dba4f21\" data-element_type=\"widget\" data-e-type=\"widget\" data-widget_type=\"divider.default\">\n\t\t\t\t<div class=\"elementor-widget-container\">\n\t\t\t\t\t\t\t<div class=\"elementor-divider\">\n\t\t\t<span class=\"elementor-divider-separator\">\n\t\t\t\t\t\t<\/span>\n\t\t<\/div>\n\t\t\t\t\t\t<\/div>\n\t\t\t\t<\/div>\n\t\t\t\t\t<\/div>\n\t\t\t\t<\/div>\n\t\t\t\t<section class=\"elementor-section elementor-top-section elementor-element elementor-element-4289a2a elementor-section-content-middle elementor-section-boxed elementor-section-height-default elementor-section-height-default\" data-id=\"4289a2a\" data-element_type=\"section\" data-e-type=\"section\" data-settings=\"{&quot;background_background&quot;:&quot;classic&quot;}\">\n\t\t\t\t\t\t<div class=\"elementor-container elementor-column-gap-default\">\n\t\t\t\t\t<div class=\"elementor-column elementor-col-100 elementor-top-column elementor-element elementor-element-b10cbf9\" data-id=\"b10cbf9\" data-element_type=\"column\" data-e-type=\"column\">\n\t\t\t<div class=\"elementor-widget-wrap elementor-element-populated\">\n\t\t\t\t\t\t<div class=\"elementor-element elementor-element-5e04df4 elementor-widget__width-auto elementor-widget elementor-widget-text-editor\" data-id=\"5e04df4\" data-element_type=\"widget\" data-e-type=\"widget\" data-widget_type=\"text-editor.default\">\n\t\t\t\t<div class=\"elementor-widget-container\">\n\t\t\t\t\t\t\t\t\t<p>Denna information uppdaterades 16 oktober 2025.<\/p><p>I&amp;A Group AB (nedan kallat \u201c<strong>SCR<\/strong>\u201c) respekterar den personliga integriteten hos personer som bes\u00f6ker v\u00e5ra webbplatser och registrerar sig f\u00f6r att anv\u00e4nda v\u00e5ra tj\u00e4nster (nedan kallade \u201c<strong>kunder<\/strong>\u201c). Nedan redog\u00f6r vi f\u00f6r dina r\u00e4ttigheter som kund och v\u00e5rt \u00e5tagande f\u00f6r att skydda dessa personuppgifter. Alla viktiga beslut om skydd f\u00f6r personuppgifter fattas av SCR:s f\u00f6retagsledning.<br \/><strong><br \/>Om oss<br \/><\/strong>Vi tillhandah\u00e5ller professionella, anv\u00e4ndarv\u00e4nliga, s\u00e4ljst\u00f6d (CRM) och samordningssystem f\u00f6r s\u00e4ljare och s\u00e4ljfunktioner.Huvudsaklig m\u00e5lgrupp \u00e4r nystartsf\u00f6retag och sm\u00e5 och medelstora f\u00f6retag som jobbar med B2B-f\u00f6rs\u00e4ljning.Geografiskt verksamhetsomr\u00e5de \u00e4r Sverige och Norden d\u00e4r vi f\u00f6ljer de st\u00f6rsta ekonomisystemen (f\u00f6r sm\u00e5f\u00f6retagare), dock \u00e4ven de marknader i EU d\u00e4r ekonomisystemen \u00e4r etablerade.<\/p><p><strong>Behandlingen av dina personuppgifter<br \/><\/strong>I tabellen nedan finner du information om hur vi behandlar dina personuppgifter. D\u00e4r f\u00f6ljer syftet med behandlingen, vilka kategorier av personuppgifter vi kan behandla f\u00f6r respektive syfte, den r\u00e4ttsliga grunden f\u00f6r behandlingen och hur l\u00e4nge vi behandlar uppgifterna.<\/p><table width=\"1147\"><tbody><tr><td width=\"66\">\u00a0<\/td><td width=\"294\"><h4><strong>Syfte<\/strong>\u00a0<\/h4><\/td><td><h4><strong>Kategorier av personuppgifter<\/strong><\/h4><\/td><td><h4><strong>R\u00e4ttslig grund<\/strong><\/h4><\/td><td><h4><strong>Behandlingsperiod<\/strong><\/h4><\/td><\/tr><tr><td colspan=\"2\" width=\"361\"><p>F\u00f6r att tillhandah\u00e5lla eller ta emot tj\u00e4nster och\/eller produkter under serviceavtal som du som kund har best\u00e4llt eller som du som extern leverant\u00f6r, konsult eller annat levererar under avtal.<\/p><\/td><td><p>Kontaktuppgifter, s\u00e5som namn och e-postadress.<br \/>Uppgifter om din befattning och arbetsgivare.<br \/>Faktureringsuppgifter.<br \/>Uppgifter om ditt k\u00f6p eller v\u00e5rt k\u00f6p.<br \/>Dina unika anv\u00e4ndaruppgifter, s\u00e5som anv\u00e4ndar-ID, anv\u00e4ndarnamn och l\u00f6senord.<br \/>Trafikinformation fr\u00e5n din webbl\u00e4sare, s\u00e5som typ av webbl\u00e4sare, enhet, spr\u00e5k och IP-adress.<br \/>Uppgifter om hur du beter dig och f\u00f6rflyttar dig p\u00e5 v\u00e5r webbplats och i v\u00e5ra produkter.<br \/>Information relaterad till support och klagom\u00e5l.<\/p><\/td><td width=\"127\"><p>F\u00f6r att genomf\u00f6ra avtalet med dig eller det f\u00f6retag eller den organisation som du f\u00f6retr\u00e4der.<\/p><\/td><td width=\"161\"><p>Under avtalstiden och de f\u00f6ljande tolv m\u00e5naderna.<\/p><\/td><\/tr><tr><td colspan=\"2\" width=\"361\"><p>F\u00f6r att f\u00f6lja till\u00e4mplig lagstiftning om till exempel ekonomisk redovisning.<\/p><\/td><td><p>Faktureringsuppgifter.<br \/>Uppgifter relaterade till g\u00e4llande avtal mellan oss.<\/p><\/td><td width=\"127\"><p>R\u00e4ttslig f\u00f6rpliktelse.<\/p><\/td><td width=\"161\"><p>Sju\u00a0\u00e5r.<\/p><\/td><\/tr><tr><td colspan=\"2\" width=\"361\"><p>F\u00f6r att skydda SCR\u00b4s r\u00e4ttsliga intressen.<\/p><\/td><td><p>Kontaktuppgifter, s\u00e5som namn och e-postadress.<br \/>Uppgifter om din befattning och arbetsgivare.<br \/>Korrespondens.<br \/>Uppgifter relaterade till g\u00e4llande avtal mellan oss.<\/p><\/td><td width=\"127\"><p>SCR baserar s\u00e5dan behandling av personuppgifter p\u00e5 v\u00e5rt ber\u00e4ttigade intresse av att skydda och h\u00e4vda v\u00e5ra r\u00e4ttigheter i h\u00e4ndelse av en tvist.<\/p><\/td><td width=\"161\"><p>Personuppgifterna behandlas i till\u00e4mpliga fall till dess att r\u00e4ttsprocessen \u00e4r avslutad.<\/p><\/td><\/tr><tr><td colspan=\"2\" width=\"361\"><p>F\u00f6r att kunna marknadsf\u00f6ra v\u00e5ra tj\u00e4nster samt v\u00e5r verksamhet genom till exempel e-postutskick, v\u00e5r webbplats och sociala medier och med hj\u00e4lp av s\u00e4rskilda erbjudanden.<\/p><\/td><td><p>Kontaktuppgifter, s\u00e5som namn och e-postadress.<br \/>Uppgifter om din befattning och arbetsgivare.<br \/>Uppgifter om v\u00e5rt g\u00e4llande avtal.<br \/>Uppgifter om den enhet du anv\u00e4nder n\u00e4r du bes\u00f6ker v\u00e5r webbplats, s\u00e5som IP-adress.<br \/>Anv\u00e4ndarnamn p\u00e5 sociala medier.<\/p><\/td><td width=\"127\"><p>SCR baserar s\u00e5dan behandling av personuppgifter p\u00e5 v\u00e5rt ber\u00e4ttigade intresse av att kunna marknadsf\u00f6ra v\u00e5ra tj\u00e4nster och produkter samt v\u00e5r verksamhet.<\/p><\/td><td width=\"161\"><p>Tolv m\u00e5nader efter avslutad kontraktstid.<\/p><\/td><\/tr><tr><td colspan=\"2\" width=\"361\"><p>F\u00f6r att m\u00f6jligg\u00f6ra allm\u00e4n kund- och leverant\u00f6rsv\u00e5rd (kvalitetsarbete, unders\u00f6kningar, statistik, marknadsanalys och kund- och leverant\u00f6rsanalyser, samt utveckla verksamheten, metoderna och produkterna).<\/p><\/td><td><p>Uppgifter om dina kontakter med oss.<br \/>Svar p\u00e5 unders\u00f6kningar.<br \/>Postadress.<\/p><\/td><td width=\"127\"><p>SCR baserar s\u00e5dan behandling av personuppgifter p\u00e5 v\u00e5rt ber\u00e4ttigade intresse av att kunna utveckla v\u00e5r verksamhet.<\/p><\/td><td width=\"161\"><p>Tio \u00e5r efter slutf\u00f6randet av uppdraget.<\/p><\/td><\/tr><tr><td width=\"66\">\u00a0<\/td><td width=\"294\">\u00a0<\/td><td width=\"494\">\u00a0<\/td><td width=\"131\">\u00a0<\/td><td width=\"161\">\u00a0<\/td><\/tr><\/tbody><\/table><p>Vi behandlar enbart de personuppgifter som \u00e4r n\u00f6dv\u00e4ndiga f\u00f6r de \u00e4ndam\u00e5l som framg\u00e5r ovan och endast under s\u00e5 l\u00e5ng tid som kr\u00e4vs f\u00f6r att uppn\u00e5 dessa \u00e4ndam\u00e5l. Vilka specifika personuppgifter vi behandlar varierar beroende p\u00e5 hur du som kund eller leverant\u00f6r har interagerat med oss, vilka tj\u00e4nster och\/eller produkter vi tillhandah\u00e5ller dig eller vilka tj\u00e4nster och\/eller produkter du tillhandah\u00e5ller oss. F\u00f6r att SCR ska fullg\u00f6ra de r\u00e4ttsliga f\u00f6rpliktelser som f\u00f6ljer av g\u00e4llande lagstiftning eller f\u00f6r att tillvarata v\u00e5rt r\u00e4ttsliga intresse kan vi beh\u00f6va lagra personuppgifter under l\u00e4ngre tid \u00e4n vad som ovan anges. Vi behandlar emellertid inte personuppgifter under en l\u00e4ngre tid \u00e4n n\u00f6dv\u00e4ndigt eller l\u00e4ngre \u00e4n vad som kr\u00e4vs enligt lag f\u00f6r respektive \u00e4ndam\u00e5l.<\/p><p><strong>Hur vi samlar in personuppgifter<br \/><\/strong>Normalt sett samlar SCR in personuppgifter direkt fr\u00e5n dig. I vissa fall samlar vi \u00e4ven in personuppgifter om dig ifall ditt f\u00f6retag \u00e4r kund hos SCR. Vi kan \u00e4ven komma att samla in personuppgifter fr\u00e5n andra k\u00e4llor, t.ex. partnerf\u00f6retag, sociala medier eller externa datainsamlare. N\u00e4r vi ber dig att l\u00e4mna personuppgifter till oss kan du v\u00e4lja att inte g\u00f6ra det. Om du v\u00e4ljer att inte f\u00f6rse oss med den information vi beh\u00f6ver f\u00f6r att fullg\u00f6ra v\u00e5ra skyldigheter gentemot dig, kan det vara s\u00e5 att vi inte kan fullg\u00f6ra dessa skyldigheter.<\/p><p><strong>Dina r\u00e4ttigheter<br \/><\/strong>Nedan f\u00f6ljer en sammanfattning av de r\u00e4ttigheter du kan ut\u00f6va genom att kontakta oss.<\/p><p><strong>R\u00e4tt till tillg\u00e5ng<br \/><\/strong>Du har r\u00e4tt att utan kostnad beg\u00e4ra information om hur dina personuppgifter behandlas. Du har ocks\u00e5 r\u00e4tt att f\u00e5 en kopia av de personuppgifter som vi behandlar om dig. Om du skickar oss en skriftlig beg\u00e4ran och anger vilka uppgifter du vill ha tillg\u00e5ng till besvarar vi den s\u00e5 snart vi kan. Skulle det vara s\u00e5 att vi inte kan ge dig tillg\u00e5ng till dessa uppgifter f\u00e5r du en motivering f\u00f6r detta. Om vi inte har kommit \u00f6verens om n\u00e5gonting annat skriftligen skickas kopian av dina personuppgifter till den adress vi har registrerat.<\/p><p><strong>R\u00e4tt till r\u00e4ttelse<br \/><\/strong>Eftersom SCR \u00e4r personuppgiftsansvarig \u00e4r det vi som har huvudansvaret f\u00f6r att s\u00e4kerst\u00e4lla att de personuppgifter vi behandlar \u00e4r korrekta. Om du meddelar oss att de personuppgifter du har l\u00e4mnat till oss inte l\u00e4ngre st\u00e4mmer r\u00e4ttar, sp\u00e4rrar eller raderar vi dem omg\u00e5ende.<\/p><p><strong>R\u00e4tt till radering<br \/><\/strong>Du har r\u00e4tt att beg\u00e4ra att SCR utan on\u00f6digt dr\u00f6jsm\u00e5l ska radera dina personuppgifter. Personuppgifter ska raderas i f\u00f6ljande fall:<\/p><ul><li>Om de inte l\u00e4ngre \u00e4r n\u00f6dv\u00e4ndiga f\u00f6r det \u00e4ndam\u00e5l f\u00f6r vilket de har samlats in.<\/li><li>Om du har \u00e5terkallat ditt samtycke och det inte finns n\u00e5gon annan r\u00e4ttslig grund f\u00f6r behandlingen.<\/li><li>Om behandlingen sker f\u00f6r direktmarknadsf\u00f6rings\u00e4ndam\u00e5l och du mots\u00e4tter dig detta.<\/li><li>Om grunden f\u00f6r behandlingen \u00e4r ber\u00e4ttigat intresse och ditt intresse v\u00e4ger tyngre \u00e4n v\u00e5rt.<\/li><li>Om uppgifterna inte har behandlats i enlighet med till\u00e4mplig lagstiftning om dataskydd.<\/li><li>Om uppgifterna m\u00e5ste raderas f\u00f6r att uppfylla en r\u00e4ttslig f\u00f6rpliktelse.<\/li><\/ul><p>Vi kan ha skyldigheter som f\u00f6rhindrar oss att radera alla dina personuppgifter omedelbart. S\u00e5dana skyldigheter f\u00f6ljer av till\u00e4mplig lagstiftning om till exempel bokf\u00f6ring. Om vissa personuppgifter inte f\u00e5r raderas enligt lag meddelar vi dig detta och ser till att uppgifterna endast kan anv\u00e4ndas f\u00f6r att fullg\u00f6ra dessa skyldigheter.<\/p><p><strong>R\u00e4tt till begr\u00e4nsning av behandlingen<br \/><\/strong>Du har r\u00e4tt att beg\u00e4ra att SCR tillf\u00e4lligt begr\u00e4nsar behandlingen av dina personuppgifter om n\u00e5got av f\u00f6ljande alternativ \u00e4r till\u00e4mpligt:<\/p><ul><li>Du anser att de uppgifter vi har om dig \u00e4r felaktiga och har beg\u00e4rt r\u00e4ttelse av dem.<\/li><li>Behandlingen sker inte i enlighet med g\u00e4llande lagstiftning om dataskydd, men du mots\u00e4tter dig att personuppgifterna raderas och beg\u00e4r i st\u00e4llet en begr\u00e4nsning av deras anv\u00e4ndning.<\/li><li>Vi beh\u00f6ver inte l\u00e4ngre personuppgifterna f\u00f6r \u00e4ndam\u00e5len med behandlingen, men vi beh\u00f6ver dem f\u00f6r att kunna fastst\u00e4lla, g\u00f6ra g\u00e4llande eller f\u00f6rsvara ett r\u00e4ttsligt anspr\u00e5k.<\/li><\/ul><p>Om du inv\u00e4nder mot behandlingen av dina personuppgifter kan anv\u00e4ndningen begr\u00e4nsas under tiden en unders\u00f6kning genomf\u00f6rs. N\u00e4r SCR begr\u00e4nsar anv\u00e4ndningen av dina personuppgifter lagrar vi dem bara, och ber om ditt samtycke f\u00f6r eventuell ytterligare behandling.<\/p><p><strong>R\u00e4tt till dataportabilitet<br \/><\/strong>Om vi behandlar dina personuppgifter baserat p\u00e5 ditt samtycke eller f\u00f6r att fullg\u00f6ra en avtalsm\u00e4ssig f\u00f6rpliktelse mot dig har du r\u00e4tt att beg\u00e4ra att vi \u00f6verl\u00e4mnar alla de uppgifter vi behandlar p\u00e5 ett automatiserat s\u00e4tt i ett maskinl\u00e4sbart format. Du har ocks\u00e5 r\u00e4tt att beg\u00e4ra att dina personuppgifter \u00f6verf\u00f6rs till en annan personuppgiftsansvarig om det \u00e4r tekniskt m\u00f6jligt.<\/p><p><strong>R\u00e4tt att g\u00f6ra inv\u00e4ndningar<br \/><\/strong>Du har r\u00e4tt att g\u00f6ra inv\u00e4ndningar mot v\u00e5r behandling av dina personuppgifter om behandlingen grundar sig p\u00e5 v\u00e5rt ber\u00e4ttigade intresse. I s\u00e5dana fall ber SCR dig att specificera vilken behandling du inv\u00e4nder mot. Om du inv\u00e4nder mot n\u00e5gon behandling forts\u00e4tter vi bara att behandla dina uppgifter om vi har ber\u00e4ttigade intressen som v\u00e4ger tyngre \u00e4n dina intressen. Vi informerar dig d\u00e5 om detta.<\/p><p><strong>R\u00e4tt att \u00e5terkalla ditt samtycke<br \/><\/strong>N\u00e4r behandlingen av dina personuppgifter bygger p\u00e5 samtycke kan du n\u00e4r som helst dra tillbaka detta. Kontakta oss i s\u00e5 fall med hj\u00e4lp av kontaktuppgifterna nedan.<\/p><p><strong>R\u00e4tt att l\u00e4mna in klagom\u00e5l<br \/><\/strong>Om du har ett klagom\u00e5l som r\u00f6r SCR:s behandling av personuppgifter kan du kontakta oss p\u00e5\u00a0<a href=\"mailto:info@aizell.se\">info@aizell.se<\/a>\u00a0eller v\u00e4nda dig till tillsynsmyndigheten. Den beh\u00f6riga tillsynsmyndigheten i Sverige \u00e4r Integritetsskyddsmyndigheten. Du kan kontakta myndigheten p\u00e5<br \/>Webbplats:\u00a0<a href=\"https:\/\/www.imy.se\/\">https:\/\/www.imy.se<\/a><br \/>Telefon: 08-657 61 00<br \/>E-post:\u00a0<a href=\"mailto:imy@imy.se\">imy@imy.se<\/a><\/p>\t\t\t\t\t\t\t\t<\/div>\n\t\t\t\t<\/div>\n\t\t\t\t\t<\/div>\n\t\t<\/div>\n\t\t\t\t\t<\/div>\n\t\t<\/section>\n\t\t<div class=\"elementor-element elementor-element-1aa45a9 e-flex e-con-boxed e-con e-parent\" data-id=\"1aa45a9\" data-element_type=\"container\" data-e-type=\"container\">\n\t\t\t\t\t<div class=\"e-con-inner\">\n\t\t\t\t<div class=\"elementor-element elementor-element-be5f2cc elementor-widget elementor-widget-spacer\" data-id=\"be5f2cc\" data-element_type=\"widget\" data-e-type=\"widget\" data-widget_type=\"spacer.default\">\n\t\t\t\t<div class=\"elementor-widget-container\">\n\t\t\t\t\t\t\t<div class=\"elementor-spacer\">\n\t\t\t<div class=\"elementor-spacer-inner\"><\/div>\n\t\t<\/div>\n\t\t\t\t\t\t<\/div>\n\t\t\t\t<\/div>\n\t\t\t\t\t<\/div>\n\t\t\t\t<\/div>\n\t\t\t\t<\/div>\n\t\t","protected":false},"excerpt":{"rendered":"<p>Integritetspolicy Denna information uppdaterades 16 oktober 2025. I&amp;A Group AB (nedan kallat \u201cSCR\u201c) respekterar den personliga integriteten hos personer som bes\u00f6ker v\u00e5ra webbplatser och registrerar sig f\u00f6r att anv\u00e4nda v\u00e5ra tj\u00e4nster (nedan kallade \u201ckunder\u201c). Nedan redog\u00f6r vi f\u00f6r dina r\u00e4ttigheter som kund och v\u00e5rt \u00e5tagande f\u00f6r att skydda dessa personuppgifter. Alla viktiga beslut om skydd [&hellip;]<\/p>\n","protected":false},"author":2,"featured_media":0,"parent":0,"menu_order":0,"comment_status":"closed","ping_status":"closed","template":"elementor_header_footer","meta":{"footnotes":""},"class_list":["post-6277","page","type-page","status-publish","hentry"],"_links":{"self":[{"href":"https:\/\/aizell.se\/sv_se\/wp-json\/wp\/v2\/pages\/6277","targetHints":{"allow":["GET"]}}],"collection":[{"href":"https:\/\/aizell.se\/sv_se\/wp-json\/wp\/v2\/pages"}],"about":[{"href":"https:\/\/aizell.se\/sv_se\/wp-json\/wp\/v2\/types\/page"}],"author":[{"embeddable":true,"href":"https:\/\/aizell.se\/sv_se\/wp-json\/wp\/v2\/users\/2"}],"replies":[{"embeddable":true,"href":"https:\/\/aizell.se\/sv_se\/wp-json\/wp\/v2\/comments?post=6277"}],"version-history":[{"count":51,"href":"https:\/\/aizell.se\/sv_se\/wp-json\/wp\/v2\/pages\/6277\/revisions"}],"predecessor-version":[{"id":13920,"href":"https:\/\/aizell.se\/sv_se\/wp-json\/wp\/v2\/pages\/6277\/revisions\/13920"}],"wp:attachment":[{"href":"https:\/\/aizell.se\/sv_se\/wp-json\/wp\/v2\/media?parent=6277"}],"curies":[{"name":"wp","href":"https:\/\/api.w.org\/{rel}","templated":true}]}}